{"id":28631,"date":"2025-11-08T00:06:29","date_gmt":"2025-11-07T23:06:29","guid":{"rendered":"https:\/\/www.ernstbrunn-apotheke.at\/katalog\/produkt\/dr-hauschka-gesichtsmaske-beruhigend-fuer-empfindliche-gestresste-haut\/"},"modified":"2025-12-08T15:02:25","modified_gmt":"2025-12-08T14:02:25","slug":"dr-hauschka-gesichtsmaske-beruhigend-fuer-empfindliche-gestresste-haut","status":"publish","type":"product","link":"https:\/\/www.ernstbrunn-apotheke.at\/katalog\/produkt\/dr-hauschka-gesichtsmaske-beruhigend-fuer-empfindliche-gestresste-haut\/","title":{"rendered":"Dr. Hauschka GESICHTSMASKE beruhigend f\u00fcr empfindliche gestresste Haut"},"content":{"rendered":"<p>Dr. Hauschka Beruhigende Maske bringt die Haut sanft in ihr nat\u00fcrliches Gleichgewicht zur\u00fcck. F\u00fcr die sensible, irritierte und stressbedingt zu R\u00f6tungen neigende Haut ist die Maske eine entspannende Wohltat. Die Komposition mit den Heilpflanzen Frauenmantel, Borretsch, Buchweizen und K\u00f6nigskerze beruhigt die Haut. Sie unterst\u00fctzt die Haut darin, ihre Feuchtigkeit zu bewahren. Die Haut erholt sich sp\u00fcrbar und beruhigt sich anhaltend.<\/p>\n","protected":false},"excerpt":{"rendered":"<p>Dr. Hauschka Beruhigende Maske bringt die Haut sanft in ihr nat\u00fcrliches Gleichgewicht zur\u00fcck. F\u00fcr die sensible, irritierte und stressbedingt zu R\u00f6tungen neigende Haut ist die Maske eine entspannende Wohltat. Die Komposition mit den Heilpflanzen Frauenmantel, Borretsch, Buchweizen und K\u00f6nigskerze beruhigt die Haut. Sie unterst\u00fctzt die Haut darin, ihre Feuchtigkeit zu bewahren. Die Haut erholt sich [&hellip;]<\/p>\n","protected":false},"featured_media":28633,"template":"","meta":{"_acf_changed":false},"product_brand":[679],"product_cat":[792],"product_tag":[],"class_list":{"0":"post-28631","1":"product","2":"type-product","3":"status-publish","4":"has-post-thumbnail","6":"product_brand-dr-hauschka","7":"product_cat-d","8":"pa_packungsgroesse-30ml","10":"first","11":"instock","12":"shipping-taxable","13":"purchasable","14":"product-type-simple"},"acf":[],"_links":{"self":[{"href":"https:\/\/www.ernstbrunn-apotheke.at\/katalog\/wp-json\/wp\/v2\/product\/28631","targetHints":{"allow":["GET"]}}],"collection":[{"href":"https:\/\/www.ernstbrunn-apotheke.at\/katalog\/wp-json\/wp\/v2\/product"}],"about":[{"href":"https:\/\/www.ernstbrunn-apotheke.at\/katalog\/wp-json\/wp\/v2\/types\/product"}],"wp:featuredmedia":[{"embeddable":true,"href":"https:\/\/www.ernstbrunn-apotheke.at\/katalog\/wp-json\/wp\/v2\/media\/28633"}],"wp:attachment":[{"href":"https:\/\/www.ernstbrunn-apotheke.at\/katalog\/wp-json\/wp\/v2\/media?parent=28631"}],"wp:term":[{"taxonomy":"product_brand","embeddable":true,"href":"https:\/\/www.ernstbrunn-apotheke.at\/katalog\/wp-json\/wp\/v2\/product_brand?post=28631"},{"taxonomy":"product_cat","embeddable":true,"href":"https:\/\/www.ernstbrunn-apotheke.at\/katalog\/wp-json\/wp\/v2\/product_cat?post=28631"},{"taxonomy":"product_tag","embeddable":true,"href":"https:\/\/www.ernstbrunn-apotheke.at\/katalog\/wp-json\/wp\/v2\/product_tag?post=28631"}],"curies":[{"name":"wp","href":"https:\/\/api.w.org\/{rel}","templated":true}]}}