{"id":28628,"date":"2025-11-08T00:06:29","date_gmt":"2025-11-07T23:06:29","guid":{"rendered":"https:\/\/www.ernstbrunn-apotheke.at\/katalog\/produkt\/pelsano-bade-und-waschgel-300-ml\/"},"modified":"2025-12-08T15:02:23","modified_gmt":"2025-12-08T14:02:23","slug":"pelsano-bade-und-waschgel-300-ml","status":"publish","type":"product","link":"https:\/\/www.ernstbrunn-apotheke.at\/katalog\/produkt\/pelsano-bade-und-waschgel-300-ml\/","title":{"rendered":"Pelsano Bade- und Waschgel 300 ml"},"content":{"rendered":"<p>Pelsano Bade- und Waschgel pflegt die anspruchsvolle und empfindliche Haut und bewahrt die Hautelastizit\u00e4t. Das Produkt wirkt mild und r\u00fcckfettend und bewirkt mit pflanzlichen Waschsubstanzen eine schonende Reinigung. Sonnenblumenextrakt h\u00e4lt die Haut weich und geschmeidig, Panthenol spendet Feuchtigkeit und sch\u00fctzt die Haut vor dem Austrocknen.<\/p>\n","protected":false},"excerpt":{"rendered":"<p>Pelsano Bade- und Waschgel pflegt die anspruchsvolle und empfindliche Haut und bewahrt die Hautelastizit\u00e4t. Das Produkt wirkt mild und r\u00fcckfettend und bewirkt mit pflanzlichen Waschsubstanzen eine schonende Reinigung. Sonnenblumenextrakt h\u00e4lt die Haut weich und geschmeidig, Panthenol spendet Feuchtigkeit und sch\u00fctzt die Haut vor dem Austrocknen.<\/p>\n","protected":false},"featured_media":28630,"template":"","meta":{"_acf_changed":false},"product_brand":[],"product_cat":[793],"product_tag":[],"class_list":{"0":"post-28628","1":"product","2":"type-product","3":"status-publish","4":"has-post-thumbnail","6":"product_cat-p","7":"pa_packungsgroesse-300ml","9":"first","10":"instock","11":"shipping-taxable","12":"purchasable","13":"product-type-simple"},"acf":[],"_links":{"self":[{"href":"https:\/\/www.ernstbrunn-apotheke.at\/katalog\/wp-json\/wp\/v2\/product\/28628","targetHints":{"allow":["GET"]}}],"collection":[{"href":"https:\/\/www.ernstbrunn-apotheke.at\/katalog\/wp-json\/wp\/v2\/product"}],"about":[{"href":"https:\/\/www.ernstbrunn-apotheke.at\/katalog\/wp-json\/wp\/v2\/types\/product"}],"wp:featuredmedia":[{"embeddable":true,"href":"https:\/\/www.ernstbrunn-apotheke.at\/katalog\/wp-json\/wp\/v2\/media\/28630"}],"wp:attachment":[{"href":"https:\/\/www.ernstbrunn-apotheke.at\/katalog\/wp-json\/wp\/v2\/media?parent=28628"}],"wp:term":[{"taxonomy":"product_brand","embeddable":true,"href":"https:\/\/www.ernstbrunn-apotheke.at\/katalog\/wp-json\/wp\/v2\/product_brand?post=28628"},{"taxonomy":"product_cat","embeddable":true,"href":"https:\/\/www.ernstbrunn-apotheke.at\/katalog\/wp-json\/wp\/v2\/product_cat?post=28628"},{"taxonomy":"product_tag","embeddable":true,"href":"https:\/\/www.ernstbrunn-apotheke.at\/katalog\/wp-json\/wp\/v2\/product_tag?post=28628"}],"curies":[{"name":"wp","href":"https:\/\/api.w.org\/{rel}","templated":true}]}}