{"id":28582,"date":"2025-11-08T00:05:54","date_gmt":"2025-11-07T23:05:54","guid":{"rendered":"https:\/\/www.ernstbrunn-apotheke.at\/katalog\/produkt\/aquatadeus-pflege-lotion-200-ml\/"},"modified":"2025-12-08T15:02:15","modified_gmt":"2025-12-08T14:02:15","slug":"aquatadeus-pflege-lotion-200-ml","status":"publish","type":"product","link":"https:\/\/www.ernstbrunn-apotheke.at\/katalog\/produkt\/aquatadeus-pflege-lotion-200-ml\/","title":{"rendered":"Aquatadeus Pflege Lotion 200 ml"},"content":{"rendered":"<p>Die Aquatadeus Pflegelotion wird bei trockener, schuppiger und strapazierter Haut eingesetzt. Sie erh\u00f6ht den Feuchtigkeits- und Lipidgehalt, gl\u00e4ttet das Hautbild und f\u00f6rdert die Regeneration der Hautbarriere. Neben dem Aquatadeus Heilwasser, Nachtkerzen\u00f6l, Oliven\u00f6l und Dexpanthenol sind in der Pflegelotion Biomoduline, Vitamin E, Ringelblumenextrakt und Aloe vera enthalten. F\u00fcr den angenehm-dezenten Duft sind hypoallergene Bio\u00f6le verantwortlich.<\/p>\n","protected":false},"excerpt":{"rendered":"<p>Die Aquatadeus Pflegelotion wird bei trockener, schuppiger und strapazierter Haut eingesetzt. Sie erh\u00f6ht den Feuchtigkeits- und Lipidgehalt, gl\u00e4ttet das Hautbild und f\u00f6rdert die Regeneration der Hautbarriere. Neben dem Aquatadeus Heilwasser, Nachtkerzen\u00f6l, Oliven\u00f6l und Dexpanthenol sind in der Pflegelotion Biomoduline, Vitamin E, Ringelblumenextrakt und Aloe vera enthalten. F\u00fcr den angenehm-dezenten Duft sind hypoallergene Bio\u00f6le verantwortlich.<\/p>\n","protected":false},"featured_media":28584,"template":"","meta":{"_acf_changed":false},"product_brand":[],"product_cat":[801],"product_tag":[],"class_list":{"0":"post-28582","1":"product","2":"type-product","3":"status-publish","4":"has-post-thumbnail","6":"product_cat-a","7":"pa_packungsgroesse-200ml","9":"first","10":"instock","11":"shipping-taxable","12":"purchasable","13":"product-type-simple"},"acf":[],"_links":{"self":[{"href":"https:\/\/www.ernstbrunn-apotheke.at\/katalog\/wp-json\/wp\/v2\/product\/28582","targetHints":{"allow":["GET"]}}],"collection":[{"href":"https:\/\/www.ernstbrunn-apotheke.at\/katalog\/wp-json\/wp\/v2\/product"}],"about":[{"href":"https:\/\/www.ernstbrunn-apotheke.at\/katalog\/wp-json\/wp\/v2\/types\/product"}],"wp:featuredmedia":[{"embeddable":true,"href":"https:\/\/www.ernstbrunn-apotheke.at\/katalog\/wp-json\/wp\/v2\/media\/28584"}],"wp:attachment":[{"href":"https:\/\/www.ernstbrunn-apotheke.at\/katalog\/wp-json\/wp\/v2\/media?parent=28582"}],"wp:term":[{"taxonomy":"product_brand","embeddable":true,"href":"https:\/\/www.ernstbrunn-apotheke.at\/katalog\/wp-json\/wp\/v2\/product_brand?post=28582"},{"taxonomy":"product_cat","embeddable":true,"href":"https:\/\/www.ernstbrunn-apotheke.at\/katalog\/wp-json\/wp\/v2\/product_cat?post=28582"},{"taxonomy":"product_tag","embeddable":true,"href":"https:\/\/www.ernstbrunn-apotheke.at\/katalog\/wp-json\/wp\/v2\/product_tag?post=28582"}],"curies":[{"name":"wp","href":"https:\/\/api.w.org\/{rel}","templated":true}]}}