{"id":28570,"date":"2025-11-08T00:05:29","date_gmt":"2025-11-07T23:05:29","guid":{"rendered":"https:\/\/www.ernstbrunn-apotheke.at\/katalog\/produkt\/cetaphil-feuchtigkeitslotion-460-ml\/"},"modified":"2025-12-08T15:02:08","modified_gmt":"2025-12-08T14:02:08","slug":"cetaphil-feuchtigkeitslotion-460-ml","status":"publish","type":"product","link":"https:\/\/www.ernstbrunn-apotheke.at\/katalog\/produkt\/cetaphil-feuchtigkeitslotion-460-ml\/","title":{"rendered":"Cetaphil Feuchtigkeitslotion 460 ml"},"content":{"rendered":"<p>Cetaphil Feuchtigkeitslotion ist eine spezielle, auf die Bed\u00fcrfnisse trockener, empfindlicher und gesch\u00e4digter Haut ausgerichtete \u00d6l-in-Wasser-Emulsion. Die Lotion enth\u00e4lt ein System aus Inhaltsstoffen, die die Haut weicher und geschmeidiger machen.<\/p>\n","protected":false},"excerpt":{"rendered":"<p>Cetaphil Feuchtigkeitslotion ist eine spezielle, auf die Bed\u00fcrfnisse trockener, empfindlicher und gesch\u00e4digter Haut ausgerichtete \u00d6l-in-Wasser-Emulsion. Die Lotion enth\u00e4lt ein System aus Inhaltsstoffen, die die Haut weicher und geschmeidiger machen.<\/p>\n","protected":false},"featured_media":28572,"template":"","meta":{"_acf_changed":false},"product_brand":[699],"product_cat":[812],"product_tag":[],"class_list":{"0":"post-28570","1":"product","2":"type-product","3":"status-publish","4":"has-post-thumbnail","6":"product_brand-cetaphil","7":"product_cat-c","8":"pa_packungsgroesse-460ml","10":"first","11":"instock","12":"shipping-taxable","13":"purchasable","14":"product-type-simple"},"acf":[],"_links":{"self":[{"href":"https:\/\/www.ernstbrunn-apotheke.at\/katalog\/wp-json\/wp\/v2\/product\/28570","targetHints":{"allow":["GET"]}}],"collection":[{"href":"https:\/\/www.ernstbrunn-apotheke.at\/katalog\/wp-json\/wp\/v2\/product"}],"about":[{"href":"https:\/\/www.ernstbrunn-apotheke.at\/katalog\/wp-json\/wp\/v2\/types\/product"}],"wp:featuredmedia":[{"embeddable":true,"href":"https:\/\/www.ernstbrunn-apotheke.at\/katalog\/wp-json\/wp\/v2\/media\/28572"}],"wp:attachment":[{"href":"https:\/\/www.ernstbrunn-apotheke.at\/katalog\/wp-json\/wp\/v2\/media?parent=28570"}],"wp:term":[{"taxonomy":"product_brand","embeddable":true,"href":"https:\/\/www.ernstbrunn-apotheke.at\/katalog\/wp-json\/wp\/v2\/product_brand?post=28570"},{"taxonomy":"product_cat","embeddable":true,"href":"https:\/\/www.ernstbrunn-apotheke.at\/katalog\/wp-json\/wp\/v2\/product_cat?post=28570"},{"taxonomy":"product_tag","embeddable":true,"href":"https:\/\/www.ernstbrunn-apotheke.at\/katalog\/wp-json\/wp\/v2\/product_tag?post=28570"}],"curies":[{"name":"wp","href":"https:\/\/api.w.org\/{rel}","templated":true}]}}