{"id":28544,"date":"2025-11-08T00:04:51","date_gmt":"2025-11-07T23:04:51","guid":{"rendered":"https:\/\/www.ernstbrunn-apotheke.at\/katalog\/produkt\/dr-storz-aloe-vera-gel-97-500-g-mit-spender\/"},"modified":"2025-12-08T15:02:03","modified_gmt":"2025-12-08T14:02:03","slug":"dr-storz-aloe-vera-gel-97-500-g-mit-spender","status":"publish","type":"product","link":"https:\/\/www.ernstbrunn-apotheke.at\/katalog\/produkt\/dr-storz-aloe-vera-gel-97-500-g-mit-spender\/","title":{"rendered":"Dr. Storz Aloe Vera Gel 97 500 g mit Spender"},"content":{"rendered":"<p>Dr. Storz Aloe Vera Gel 97,5% ist Hautpflege und Hautschutz f\u00fcr den ganzen K\u00f6rper. Die spezielle wasserreiche Zubereitungsform des Gels erm\u00f6glicht durch ihre Verdunstungsk\u00e4lte besonders bei Insektenstichen und Sonnenbrand eine Linderung des Juckreizes. Die k\u00fchlende und juckreizlindernde Wirkung dieses Gels l\u00e4sst sich durch eine Lagerung im K\u00fchlschrank verst\u00e4rken.<\/p>\n","protected":false},"excerpt":{"rendered":"<p>Dr. Storz Aloe Vera Gel 97,5% ist Hautpflege und Hautschutz f\u00fcr den ganzen K\u00f6rper. Die spezielle wasserreiche Zubereitungsform des Gels erm\u00f6glicht durch ihre Verdunstungsk\u00e4lte besonders bei Insektenstichen und Sonnenbrand eine Linderung des Juckreizes. Die k\u00fchlende und juckreizlindernde Wirkung dieses Gels l\u00e4sst sich durch eine Lagerung im K\u00fchlschrank verst\u00e4rken.<\/p>\n","protected":false},"featured_media":28546,"template":"","meta":{"_acf_changed":false},"product_brand":[],"product_cat":[792],"product_tag":[],"class_list":{"0":"post-28544","1":"product","2":"type-product","3":"status-publish","4":"has-post-thumbnail","6":"product_cat-d","7":"pa_packungsgroesse-500ml","9":"first","10":"instock","11":"shipping-taxable","12":"purchasable","13":"product-type-simple"},"acf":[],"_links":{"self":[{"href":"https:\/\/www.ernstbrunn-apotheke.at\/katalog\/wp-json\/wp\/v2\/product\/28544","targetHints":{"allow":["GET"]}}],"collection":[{"href":"https:\/\/www.ernstbrunn-apotheke.at\/katalog\/wp-json\/wp\/v2\/product"}],"about":[{"href":"https:\/\/www.ernstbrunn-apotheke.at\/katalog\/wp-json\/wp\/v2\/types\/product"}],"wp:featuredmedia":[{"embeddable":true,"href":"https:\/\/www.ernstbrunn-apotheke.at\/katalog\/wp-json\/wp\/v2\/media\/28546"}],"wp:attachment":[{"href":"https:\/\/www.ernstbrunn-apotheke.at\/katalog\/wp-json\/wp\/v2\/media?parent=28544"}],"wp:term":[{"taxonomy":"product_brand","embeddable":true,"href":"https:\/\/www.ernstbrunn-apotheke.at\/katalog\/wp-json\/wp\/v2\/product_brand?post=28544"},{"taxonomy":"product_cat","embeddable":true,"href":"https:\/\/www.ernstbrunn-apotheke.at\/katalog\/wp-json\/wp\/v2\/product_cat?post=28544"},{"taxonomy":"product_tag","embeddable":true,"href":"https:\/\/www.ernstbrunn-apotheke.at\/katalog\/wp-json\/wp\/v2\/product_tag?post=28544"}],"curies":[{"name":"wp","href":"https:\/\/api.w.org\/{rel}","templated":true}]}}