{"id":28514,"date":"2025-11-08T00:04:51","date_gmt":"2025-11-07T23:04:51","guid":{"rendered":"https:\/\/www.ernstbrunn-apotheke.at\/katalog\/produkt\/nuxe-huile-prodigieuse-trockenoel-50-ml\/"},"modified":"2025-12-08T15:01:57","modified_gmt":"2025-12-08T14:01:57","slug":"nuxe-huile-prodigieuse-trockenoel-50-ml","status":"publish","type":"product","link":"https:\/\/www.ernstbrunn-apotheke.at\/katalog\/produkt\/nuxe-huile-prodigieuse-trockenoel-50-ml\/","title":{"rendered":"Nuxe Huile Prodigieuse Trocken\u00f6l 50 ml"},"content":{"rendered":"<p>Nuxe Huile Prodigieuse Trocken\u00f6l n\u00e4hrt, repariert und perfektioniert Gesicht, K\u00f6rper und Haar. Die besonders innovative Formulierung hat eine antioxidative Wirkung und verf\u00fcgt \u00fcber einen \u201eSchutzschild\u201c-Effekt, der vor Feinstaub sch\u00fctzt. Auch eine mildernde Wirkung auf Dehnungsstreifen konnte nachgewiesen werden. Die schnell einziehende Trocken\u00f6ltextur und der sinnliche Duft machen das \u00d6l so einzigartig.<\/p>\n","protected":false},"excerpt":{"rendered":"<p>Nuxe Huile Prodigieuse Trocken\u00f6l n\u00e4hrt, repariert und perfektioniert Gesicht, K\u00f6rper und Haar. Die besonders innovative Formulierung hat eine antioxidative Wirkung und verf\u00fcgt \u00fcber einen \u201eSchutzschild\u201c-Effekt, der vor Feinstaub sch\u00fctzt. Auch eine mildernde Wirkung auf Dehnungsstreifen konnte nachgewiesen werden. Die schnell einziehende Trocken\u00f6ltextur und der sinnliche Duft machen das \u00d6l so einzigartig.<\/p>\n","protected":false},"featured_media":28516,"template":"","meta":{"_acf_changed":false},"product_brand":[705],"product_cat":[797],"product_tag":[],"class_list":{"0":"post-28514","1":"product","2":"type-product","3":"status-publish","4":"has-post-thumbnail","6":"product_brand-nuxe","7":"product_cat-n","8":"pa_packungsgroesse-50ml","10":"first","11":"instock","12":"shipping-taxable","13":"purchasable","14":"product-type-simple"},"acf":[],"_links":{"self":[{"href":"https:\/\/www.ernstbrunn-apotheke.at\/katalog\/wp-json\/wp\/v2\/product\/28514","targetHints":{"allow":["GET"]}}],"collection":[{"href":"https:\/\/www.ernstbrunn-apotheke.at\/katalog\/wp-json\/wp\/v2\/product"}],"about":[{"href":"https:\/\/www.ernstbrunn-apotheke.at\/katalog\/wp-json\/wp\/v2\/types\/product"}],"wp:featuredmedia":[{"embeddable":true,"href":"https:\/\/www.ernstbrunn-apotheke.at\/katalog\/wp-json\/wp\/v2\/media\/28516"}],"wp:attachment":[{"href":"https:\/\/www.ernstbrunn-apotheke.at\/katalog\/wp-json\/wp\/v2\/media?parent=28514"}],"wp:term":[{"taxonomy":"product_brand","embeddable":true,"href":"https:\/\/www.ernstbrunn-apotheke.at\/katalog\/wp-json\/wp\/v2\/product_brand?post=28514"},{"taxonomy":"product_cat","embeddable":true,"href":"https:\/\/www.ernstbrunn-apotheke.at\/katalog\/wp-json\/wp\/v2\/product_cat?post=28514"},{"taxonomy":"product_tag","embeddable":true,"href":"https:\/\/www.ernstbrunn-apotheke.at\/katalog\/wp-json\/wp\/v2\/product_tag?post=28514"}],"curies":[{"name":"wp","href":"https:\/\/api.w.org\/{rel}","templated":true}]}}