{"id":28494,"date":"2025-11-08T00:04:24","date_gmt":"2025-11-07T23:04:24","guid":{"rendered":"https:\/\/www.ernstbrunn-apotheke.at\/katalog\/produkt\/casida-epsom-salz-vitalbad-fuer-fuss-vollbaeder\/"},"modified":"2025-12-08T15:01:52","modified_gmt":"2025-12-08T14:01:52","slug":"casida-epsom-salz-vitalbad-fuer-fuss-vollbaeder","status":"publish","type":"product","link":"https:\/\/www.ernstbrunn-apotheke.at\/katalog\/produkt\/casida-epsom-salz-vitalbad-fuer-fuss-vollbaeder\/","title":{"rendered":"Casida EPSOM SALZ VITALBAD f\u00fcr Fu\u00df- &#038; Vollb\u00e4der"},"content":{"rendered":"<p>Casida Epsom Salz Vitalbad ist ein magnesiumreicher Badezusatz f\u00fcr Fu\u00df- und Vollb\u00e4der. Regenerierend und entspannend f\u00fcr K\u00f6rper und Geist.<\/p>\n","protected":false},"excerpt":{"rendered":"<p>Casida Epsom Salz Vitalbad ist ein magnesiumreicher Badezusatz f\u00fcr Fu\u00df- und Vollb\u00e4der. Regenerierend und entspannend f\u00fcr K\u00f6rper und Geist.<\/p>\n","protected":false},"featured_media":28496,"template":"","meta":{"_acf_changed":false},"product_brand":[],"product_cat":[812],"product_tag":[],"class_list":{"0":"post-28494","1":"product","2":"type-product","3":"status-publish","4":"has-post-thumbnail","6":"product_cat-c","7":"pa_packungsgroesse-1kg","9":"first","10":"instock","11":"shipping-taxable","12":"purchasable","13":"product-type-simple"},"acf":[],"_links":{"self":[{"href":"https:\/\/www.ernstbrunn-apotheke.at\/katalog\/wp-json\/wp\/v2\/product\/28494","targetHints":{"allow":["GET"]}}],"collection":[{"href":"https:\/\/www.ernstbrunn-apotheke.at\/katalog\/wp-json\/wp\/v2\/product"}],"about":[{"href":"https:\/\/www.ernstbrunn-apotheke.at\/katalog\/wp-json\/wp\/v2\/types\/product"}],"wp:featuredmedia":[{"embeddable":true,"href":"https:\/\/www.ernstbrunn-apotheke.at\/katalog\/wp-json\/wp\/v2\/media\/28496"}],"wp:attachment":[{"href":"https:\/\/www.ernstbrunn-apotheke.at\/katalog\/wp-json\/wp\/v2\/media?parent=28494"}],"wp:term":[{"taxonomy":"product_brand","embeddable":true,"href":"https:\/\/www.ernstbrunn-apotheke.at\/katalog\/wp-json\/wp\/v2\/product_brand?post=28494"},{"taxonomy":"product_cat","embeddable":true,"href":"https:\/\/www.ernstbrunn-apotheke.at\/katalog\/wp-json\/wp\/v2\/product_cat?post=28494"},{"taxonomy":"product_tag","embeddable":true,"href":"https:\/\/www.ernstbrunn-apotheke.at\/katalog\/wp-json\/wp\/v2\/product_tag?post=28494"}],"curies":[{"name":"wp","href":"https:\/\/api.w.org\/{rel}","templated":true}]}}