{"id":28486,"date":"2025-11-08T00:04:08","date_gmt":"2025-11-07T23:04:08","guid":{"rendered":"https:\/\/www.ernstbrunn-apotheke.at\/katalog\/produkt\/medipharma-cosmetics-olivenoel-hydrofrisch-dusche-200-ml\/"},"modified":"2025-12-08T15:01:49","modified_gmt":"2025-12-08T14:01:49","slug":"medipharma-cosmetics-olivenoel-hydrofrisch-dusche-200-ml","status":"publish","type":"product","link":"https:\/\/www.ernstbrunn-apotheke.at\/katalog\/produkt\/medipharma-cosmetics-olivenoel-hydrofrisch-dusche-200-ml\/","title":{"rendered":"Medipharma Cosmetics Oliven\u00f6l Hydrofrisch Dusche 200 ml"},"content":{"rendered":"<p>Medipharma Cosmetics Oliven\u00f6l Hydrofrisch Dusche verw\u00f6hnt Ihre Haut und Ihre Sinne. Die Kombination aus kaltgepresstem Oliven\u00f6l und dem Extrakt von gr\u00fcnem Tee erfrischt die Haut und spendet Feuchtigkeit.<\/p>\n","protected":false},"excerpt":{"rendered":"<p>Medipharma Cosmetics Oliven\u00f6l Hydrofrisch Dusche verw\u00f6hnt Ihre Haut und Ihre Sinne. Die Kombination aus kaltgepresstem Oliven\u00f6l und dem Extrakt von gr\u00fcnem Tee erfrischt die Haut und spendet Feuchtigkeit.<\/p>\n","protected":false},"featured_media":28488,"template":"","meta":{"_acf_changed":false},"product_brand":[685],"product_cat":[800],"product_tag":[],"class_list":{"0":"post-28486","1":"product","2":"type-product","3":"status-publish","4":"has-post-thumbnail","6":"product_brand-olivenoel-theiss","7":"product_cat-m","8":"pa_packungsgroesse-200ml","10":"first","11":"instock","12":"shipping-taxable","13":"purchasable","14":"product-type-simple"},"acf":[],"_links":{"self":[{"href":"https:\/\/www.ernstbrunn-apotheke.at\/katalog\/wp-json\/wp\/v2\/product\/28486","targetHints":{"allow":["GET"]}}],"collection":[{"href":"https:\/\/www.ernstbrunn-apotheke.at\/katalog\/wp-json\/wp\/v2\/product"}],"about":[{"href":"https:\/\/www.ernstbrunn-apotheke.at\/katalog\/wp-json\/wp\/v2\/types\/product"}],"wp:featuredmedia":[{"embeddable":true,"href":"https:\/\/www.ernstbrunn-apotheke.at\/katalog\/wp-json\/wp\/v2\/media\/28488"}],"wp:attachment":[{"href":"https:\/\/www.ernstbrunn-apotheke.at\/katalog\/wp-json\/wp\/v2\/media?parent=28486"}],"wp:term":[{"taxonomy":"product_brand","embeddable":true,"href":"https:\/\/www.ernstbrunn-apotheke.at\/katalog\/wp-json\/wp\/v2\/product_brand?post=28486"},{"taxonomy":"product_cat","embeddable":true,"href":"https:\/\/www.ernstbrunn-apotheke.at\/katalog\/wp-json\/wp\/v2\/product_cat?post=28486"},{"taxonomy":"product_tag","embeddable":true,"href":"https:\/\/www.ernstbrunn-apotheke.at\/katalog\/wp-json\/wp\/v2\/product_tag?post=28486"}],"curies":[{"name":"wp","href":"https:\/\/api.w.org\/{rel}","templated":true}]}}