{"id":28477,"date":"2025-11-08T00:04:08","date_gmt":"2025-11-07T23:04:08","guid":{"rendered":"https:\/\/www.ernstbrunn-apotheke.at\/katalog\/produkt\/eucerin-ph5-leichte-lotion\/"},"modified":"2025-12-08T15:01:45","modified_gmt":"2025-12-08T14:01:45","slug":"eucerin-ph5-leichte-lotion","status":"publish","type":"product","link":"https:\/\/www.ernstbrunn-apotheke.at\/katalog\/produkt\/eucerin-ph5-leichte-lotion\/","title":{"rendered":"Eucerin pH5 Leichte Lotion"},"content":{"rendered":"<p>Eucerin pH5 Leichte Textur Lotion 400 ml f\u00fcr empfindliche, normale bis trockene Haut beruhigt strapazierte Haut und st\u00e4rkt die hauteigene Schutzfunktion, spendet 24h intensive Feuchtigkeit und macht die Haut widerstandsf\u00e4higer und weniger empfindlich gegen \u00e4u\u00dfere Einfl\u00fcsse &#8211; alle Produkte von Eucerin mit hohem Rabatt bestellen!<\/p>\n","protected":false},"excerpt":{"rendered":"<p>Eucerin pH5 Leichte Textur Lotion 400 ml f\u00fcr empfindliche, normale bis trockene Haut beruhigt strapazierte Haut und st\u00e4rkt die hauteigene Schutzfunktion, spendet 24h intensive Feuchtigkeit und macht die Haut widerstandsf\u00e4higer und weniger empfindlich gegen \u00e4u\u00dfere Einfl\u00fcsse &#8211; alle Produkte von Eucerin mit hohem Rabatt bestellen!<\/p>\n","protected":false},"featured_media":28479,"template":"","meta":{"_acf_changed":false},"product_brand":[334],"product_cat":[794],"product_tag":[],"class_list":{"0":"post-28477","1":"product","2":"type-product","3":"status-publish","4":"has-post-thumbnail","6":"product_brand-eucerin","7":"product_cat-e","8":"pa_packungsgroesse-400ml","10":"first","11":"instock","12":"shipping-taxable","13":"purchasable","14":"product-type-simple"},"acf":[],"_links":{"self":[{"href":"https:\/\/www.ernstbrunn-apotheke.at\/katalog\/wp-json\/wp\/v2\/product\/28477","targetHints":{"allow":["GET"]}}],"collection":[{"href":"https:\/\/www.ernstbrunn-apotheke.at\/katalog\/wp-json\/wp\/v2\/product"}],"about":[{"href":"https:\/\/www.ernstbrunn-apotheke.at\/katalog\/wp-json\/wp\/v2\/types\/product"}],"wp:featuredmedia":[{"embeddable":true,"href":"https:\/\/www.ernstbrunn-apotheke.at\/katalog\/wp-json\/wp\/v2\/media\/28479"}],"wp:attachment":[{"href":"https:\/\/www.ernstbrunn-apotheke.at\/katalog\/wp-json\/wp\/v2\/media?parent=28477"}],"wp:term":[{"taxonomy":"product_brand","embeddable":true,"href":"https:\/\/www.ernstbrunn-apotheke.at\/katalog\/wp-json\/wp\/v2\/product_brand?post=28477"},{"taxonomy":"product_cat","embeddable":true,"href":"https:\/\/www.ernstbrunn-apotheke.at\/katalog\/wp-json\/wp\/v2\/product_cat?post=28477"},{"taxonomy":"product_tag","embeddable":true,"href":"https:\/\/www.ernstbrunn-apotheke.at\/katalog\/wp-json\/wp\/v2\/product_tag?post=28477"}],"curies":[{"name":"wp","href":"https:\/\/api.w.org\/{rel}","templated":true}]}}