{"id":28437,"date":"2025-11-08T00:03:06","date_gmt":"2025-11-07T23:03:06","guid":{"rendered":"https:\/\/www.ernstbrunn-apotheke.at\/katalog\/produkt\/weleda-coldcream-gesichtscreme-pflegt-und-schuetzt-30-ml\/"},"modified":"2025-12-08T15:01:35","modified_gmt":"2025-12-08T14:01:35","slug":"weleda-coldcream-gesichtscreme-pflegt-und-schuetzt-30-ml","status":"publish","type":"product","link":"https:\/\/www.ernstbrunn-apotheke.at\/katalog\/produkt\/weleda-coldcream-gesichtscreme-pflegt-und-schuetzt-30-ml\/","title":{"rendered":"Weleda Coldcream Gesichtscreme pflegt und sch\u00fctzt 30 ml"},"content":{"rendered":"<p>Die Coldcream von Weleda bewahrt die Haut vor dem Austrocknen und sch\u00fctzt sie vor belastenden Umwelteinfl\u00fcssen.<\/p>\n","protected":false},"excerpt":{"rendered":"<p>Die Coldcream von Weleda bewahrt die Haut vor dem Austrocknen und sch\u00fctzt sie vor belastenden Umwelteinfl\u00fcssen.<\/p>\n","protected":false},"featured_media":28439,"template":"","meta":{"_acf_changed":false},"product_brand":[567],"product_cat":[796],"product_tag":[],"class_list":{"0":"post-28437","1":"product","2":"type-product","3":"status-publish","4":"has-post-thumbnail","6":"product_brand-weleda","7":"product_cat-w","8":"pa_packungsgroesse-30ml","10":"first","11":"instock","12":"shipping-taxable","13":"purchasable","14":"product-type-simple"},"acf":[],"_links":{"self":[{"href":"https:\/\/www.ernstbrunn-apotheke.at\/katalog\/wp-json\/wp\/v2\/product\/28437","targetHints":{"allow":["GET"]}}],"collection":[{"href":"https:\/\/www.ernstbrunn-apotheke.at\/katalog\/wp-json\/wp\/v2\/product"}],"about":[{"href":"https:\/\/www.ernstbrunn-apotheke.at\/katalog\/wp-json\/wp\/v2\/types\/product"}],"wp:featuredmedia":[{"embeddable":true,"href":"https:\/\/www.ernstbrunn-apotheke.at\/katalog\/wp-json\/wp\/v2\/media\/28439"}],"wp:attachment":[{"href":"https:\/\/www.ernstbrunn-apotheke.at\/katalog\/wp-json\/wp\/v2\/media?parent=28437"}],"wp:term":[{"taxonomy":"product_brand","embeddable":true,"href":"https:\/\/www.ernstbrunn-apotheke.at\/katalog\/wp-json\/wp\/v2\/product_brand?post=28437"},{"taxonomy":"product_cat","embeddable":true,"href":"https:\/\/www.ernstbrunn-apotheke.at\/katalog\/wp-json\/wp\/v2\/product_cat?post=28437"},{"taxonomy":"product_tag","embeddable":true,"href":"https:\/\/www.ernstbrunn-apotheke.at\/katalog\/wp-json\/wp\/v2\/product_tag?post=28437"}],"curies":[{"name":"wp","href":"https:\/\/api.w.org\/{rel}","templated":true}]}}