{"id":28431,"date":"2025-11-08T00:03:06","date_gmt":"2025-11-07T23:03:06","guid":{"rendered":"https:\/\/www.ernstbrunn-apotheke.at\/katalog\/produkt\/medipharma-cosmetics-nachtkerzen-hautbalsam-200-ml\/"},"modified":"2025-12-08T15:01:34","modified_gmt":"2025-12-08T14:01:34","slug":"medipharma-cosmetics-nachtkerzen-hautbalsam-200-ml","status":"publish","type":"product","link":"https:\/\/www.ernstbrunn-apotheke.at\/katalog\/produkt\/medipharma-cosmetics-nachtkerzen-hautbalsam-200-ml\/","title":{"rendered":"Medipharma Cosmetics Nachtkerzen Hautbalsam 200 ml"},"content":{"rendered":"<p>Medipharma Cosmetics Nachtkerzen Hautbalsam ist eine angenehm leichte \u00d6l-in-Wasser-Emulsion. Er wurde speziell entwickelt, um die empfindliche, trockene Haut t\u00e4glich mit Fett und Feuchtigkeit zu versorgen, ohne einen st\u00f6renden Fettfilm zu hinterlassen<\/p>\n","protected":false},"excerpt":{"rendered":"<p>Medipharma Cosmetics Nachtkerzen Hautbalsam ist eine angenehm leichte \u00d6l-in-Wasser-Emulsion. Er wurde speziell entwickelt, um die empfindliche, trockene Haut t\u00e4glich mit Fett und Feuchtigkeit zu versorgen, ohne einen st\u00f6renden Fettfilm zu hinterlassen<\/p>\n","protected":false},"featured_media":28433,"template":"","meta":{"_acf_changed":false},"product_brand":[715],"product_cat":[800],"product_tag":[],"class_list":{"0":"post-28431","1":"product","2":"type-product","3":"status-publish","4":"has-post-thumbnail","6":"product_brand-theiss","7":"product_cat-m","8":"pa_packungsgroesse-200ml","10":"first","11":"instock","12":"shipping-taxable","13":"purchasable","14":"product-type-simple"},"acf":[],"_links":{"self":[{"href":"https:\/\/www.ernstbrunn-apotheke.at\/katalog\/wp-json\/wp\/v2\/product\/28431","targetHints":{"allow":["GET"]}}],"collection":[{"href":"https:\/\/www.ernstbrunn-apotheke.at\/katalog\/wp-json\/wp\/v2\/product"}],"about":[{"href":"https:\/\/www.ernstbrunn-apotheke.at\/katalog\/wp-json\/wp\/v2\/types\/product"}],"wp:featuredmedia":[{"embeddable":true,"href":"https:\/\/www.ernstbrunn-apotheke.at\/katalog\/wp-json\/wp\/v2\/media\/28433"}],"wp:attachment":[{"href":"https:\/\/www.ernstbrunn-apotheke.at\/katalog\/wp-json\/wp\/v2\/media?parent=28431"}],"wp:term":[{"taxonomy":"product_brand","embeddable":true,"href":"https:\/\/www.ernstbrunn-apotheke.at\/katalog\/wp-json\/wp\/v2\/product_brand?post=28431"},{"taxonomy":"product_cat","embeddable":true,"href":"https:\/\/www.ernstbrunn-apotheke.at\/katalog\/wp-json\/wp\/v2\/product_cat?post=28431"},{"taxonomy":"product_tag","embeddable":true,"href":"https:\/\/www.ernstbrunn-apotheke.at\/katalog\/wp-json\/wp\/v2\/product_tag?post=28431"}],"curies":[{"name":"wp","href":"https:\/\/api.w.org\/{rel}","templated":true}]}}