{"id":28396,"date":"2025-11-08T00:02:50","date_gmt":"2025-11-07T23:02:50","guid":{"rendered":"https:\/\/www.ernstbrunn-apotheke.at\/katalog\/produkt\/viva-skin-koerpermilch-200-ml\/"},"modified":"2025-12-08T15:01:23","modified_gmt":"2025-12-08T14:01:23","slug":"viva-skin-koerpermilch-200-ml","status":"publish","type":"product","link":"https:\/\/www.ernstbrunn-apotheke.at\/katalog\/produkt\/viva-skin-koerpermilch-200-ml\/","title":{"rendered":"Viva Skin K\u00f6rpermilch 200 ml"},"content":{"rendered":"<p>Viva Skin K\u00f6rpermilch wurde speziell f\u00fcr die sehr sensible und zu Allergien und Irritationen neigende Haut entwickelt. Sie enth\u00e4lt daher nur ein Minimum an Inhaltsstoffen, um die Haut nicht zus\u00e4tzlich zu belasten. Besonders hautfreundliche \u00d6le sch\u00fctzen zudem nachhaltig vor dem Austrocknen.<\/p>\n","protected":false},"excerpt":{"rendered":"<p>Viva Skin K\u00f6rpermilch wurde speziell f\u00fcr die sehr sensible und zu Allergien und Irritationen neigende Haut entwickelt. Sie enth\u00e4lt daher nur ein Minimum an Inhaltsstoffen, um die Haut nicht zus\u00e4tzlich zu belasten. Besonders hautfreundliche \u00d6le sch\u00fctzen zudem nachhaltig vor dem Austrocknen.<\/p>\n","protected":false},"featured_media":28398,"template":"","meta":{"_acf_changed":false},"product_brand":[],"product_cat":[799],"product_tag":[],"class_list":{"0":"post-28396","1":"product","2":"type-product","3":"status-publish","4":"has-post-thumbnail","6":"product_cat-v","7":"pa_packungsgroesse-200ml","9":"first","10":"instock","11":"shipping-taxable","12":"purchasable","13":"product-type-simple"},"acf":[],"_links":{"self":[{"href":"https:\/\/www.ernstbrunn-apotheke.at\/katalog\/wp-json\/wp\/v2\/product\/28396","targetHints":{"allow":["GET"]}}],"collection":[{"href":"https:\/\/www.ernstbrunn-apotheke.at\/katalog\/wp-json\/wp\/v2\/product"}],"about":[{"href":"https:\/\/www.ernstbrunn-apotheke.at\/katalog\/wp-json\/wp\/v2\/types\/product"}],"wp:featuredmedia":[{"embeddable":true,"href":"https:\/\/www.ernstbrunn-apotheke.at\/katalog\/wp-json\/wp\/v2\/media\/28398"}],"wp:attachment":[{"href":"https:\/\/www.ernstbrunn-apotheke.at\/katalog\/wp-json\/wp\/v2\/media?parent=28396"}],"wp:term":[{"taxonomy":"product_brand","embeddable":true,"href":"https:\/\/www.ernstbrunn-apotheke.at\/katalog\/wp-json\/wp\/v2\/product_brand?post=28396"},{"taxonomy":"product_cat","embeddable":true,"href":"https:\/\/www.ernstbrunn-apotheke.at\/katalog\/wp-json\/wp\/v2\/product_cat?post=28396"},{"taxonomy":"product_tag","embeddable":true,"href":"https:\/\/www.ernstbrunn-apotheke.at\/katalog\/wp-json\/wp\/v2\/product_tag?post=28396"}],"curies":[{"name":"wp","href":"https:\/\/api.w.org\/{rel}","templated":true}]}}