{"id":28368,"date":"2025-11-08T00:02:06","date_gmt":"2025-11-07T23:02:06","guid":{"rendered":"https:\/\/www.ernstbrunn-apotheke.at\/katalog\/produkt\/coolike-koerpercreme-500-ml-aloe-vera\/"},"modified":"2025-12-08T15:01:17","modified_gmt":"2025-12-08T14:01:17","slug":"coolike-koerpercreme-500-ml-aloe-vera","status":"publish","type":"product","link":"https:\/\/www.ernstbrunn-apotheke.at\/katalog\/produkt\/coolike-koerpercreme-500-ml-aloe-vera\/","title":{"rendered":"Coolike K\u00f6rpercreme 500 ml Aloe Vera"},"content":{"rendered":"<p>Coolike K\u00f6rpercreme enth\u00e4lt Panthenol und Q10, welche der Haut intensive Feuchtigkeit spenden und ihre nat\u00fcrliche Regeneration f\u00f6rdern. Sie verleihen ein zartes Hautgef\u00fchl. F\u00fcr die t\u00e4gliche Anwendung geeignet.<\/p>\n","protected":false},"excerpt":{"rendered":"<p>Coolike K\u00f6rpercreme enth\u00e4lt Panthenol und Q10, welche der Haut intensive Feuchtigkeit spenden und ihre nat\u00fcrliche Regeneration f\u00f6rdern. Sie verleihen ein zartes Hautgef\u00fchl. F\u00fcr die t\u00e4gliche Anwendung geeignet.<\/p>\n","protected":false},"featured_media":28370,"template":"","meta":{"_acf_changed":false},"product_brand":[],"product_cat":[812],"product_tag":[],"class_list":{"0":"post-28368","1":"product","2":"type-product","3":"status-publish","4":"has-post-thumbnail","6":"product_cat-c","7":"pa_packungsgroesse-500ml","9":"first","10":"instock","11":"shipping-taxable","12":"purchasable","13":"product-type-simple"},"acf":[],"_links":{"self":[{"href":"https:\/\/www.ernstbrunn-apotheke.at\/katalog\/wp-json\/wp\/v2\/product\/28368","targetHints":{"allow":["GET"]}}],"collection":[{"href":"https:\/\/www.ernstbrunn-apotheke.at\/katalog\/wp-json\/wp\/v2\/product"}],"about":[{"href":"https:\/\/www.ernstbrunn-apotheke.at\/katalog\/wp-json\/wp\/v2\/types\/product"}],"wp:featuredmedia":[{"embeddable":true,"href":"https:\/\/www.ernstbrunn-apotheke.at\/katalog\/wp-json\/wp\/v2\/media\/28370"}],"wp:attachment":[{"href":"https:\/\/www.ernstbrunn-apotheke.at\/katalog\/wp-json\/wp\/v2\/media?parent=28368"}],"wp:term":[{"taxonomy":"product_brand","embeddable":true,"href":"https:\/\/www.ernstbrunn-apotheke.at\/katalog\/wp-json\/wp\/v2\/product_brand?post=28368"},{"taxonomy":"product_cat","embeddable":true,"href":"https:\/\/www.ernstbrunn-apotheke.at\/katalog\/wp-json\/wp\/v2\/product_cat?post=28368"},{"taxonomy":"product_tag","embeddable":true,"href":"https:\/\/www.ernstbrunn-apotheke.at\/katalog\/wp-json\/wp\/v2\/product_tag?post=28368"}],"curies":[{"name":"wp","href":"https:\/\/api.w.org\/{rel}","templated":true}]}}