{"id":28352,"date":"2025-11-08T00:01:41","date_gmt":"2025-11-07T23:01:41","guid":{"rendered":"https:\/\/www.ernstbrunn-apotheke.at\/katalog\/produkt\/salthouse-totes-meer-therapie-juckreiz-akut-balsam-75-ml\/"},"modified":"2025-12-08T15:01:14","modified_gmt":"2025-12-08T14:01:14","slug":"salthouse-totes-meer-therapie-juckreiz-akut-balsam-75-ml","status":"publish","type":"product","link":"https:\/\/www.ernstbrunn-apotheke.at\/katalog\/produkt\/salthouse-totes-meer-therapie-juckreiz-akut-balsam-75-ml\/","title":{"rendered":"Salthouse Totes Meer Therapie Juckreiz akut Balsam 75 ml"},"content":{"rendered":"<p>Salthouse Totes Meer Therapie Juckreiz akut Balsam 75 ml hilft mit seinem besonderen Gehalt an Magnesium-Ionen Feuchtigkeit in der Haut zu binden sowie Hautr\u00f6tungen, Hauttrockenheit und dadurch verursachtem Juckreiz entgegenzuwirken. Durch die Anwendung des Balsams wird die Hautbarriere-Funktion wieder hergestellt und vor Feuchtigkeitsverlust gesch\u00fctzt. Der Salthouse Totes Meer Therapie Juckreiz akut Balsam eignet sich auch hervorragend f\u00fcr Hauttypen mit Neurodermitis und Psoriasis (Schuppenflechte) und die sehr gute Hautvertr\u00e4glichkeit bei Problemhaut ist dermatologisch best\u00e4tigt &#8211; jetzt online vorbestellen!<\/p>\n","protected":false},"excerpt":{"rendered":"<p>Salthouse Totes Meer Therapie Juckreiz akut Balsam 75 ml hilft mit seinem besonderen Gehalt an Magnesium-Ionen Feuchtigkeit in der Haut zu binden sowie Hautr\u00f6tungen, Hauttrockenheit und dadurch verursachtem Juckreiz entgegenzuwirken. Durch die Anwendung des Balsams wird die Hautbarriere-Funktion wieder hergestellt und vor Feuchtigkeitsverlust gesch\u00fctzt. Der Salthouse Totes Meer Therapie Juckreiz akut Balsam eignet sich auch [&hellip;]<\/p>\n","protected":false},"featured_media":28354,"template":"","meta":{"_acf_changed":false},"product_brand":[684],"product_cat":[791],"product_tag":[],"class_list":{"0":"post-28352","1":"product","2":"type-product","3":"status-publish","4":"has-post-thumbnail","6":"product_brand-dermasel","7":"product_cat-s","8":"pa_packungsgroesse-75ml","10":"first","11":"instock","12":"shipping-taxable","13":"purchasable","14":"product-type-simple"},"acf":[],"_links":{"self":[{"href":"https:\/\/www.ernstbrunn-apotheke.at\/katalog\/wp-json\/wp\/v2\/product\/28352","targetHints":{"allow":["GET"]}}],"collection":[{"href":"https:\/\/www.ernstbrunn-apotheke.at\/katalog\/wp-json\/wp\/v2\/product"}],"about":[{"href":"https:\/\/www.ernstbrunn-apotheke.at\/katalog\/wp-json\/wp\/v2\/types\/product"}],"wp:featuredmedia":[{"embeddable":true,"href":"https:\/\/www.ernstbrunn-apotheke.at\/katalog\/wp-json\/wp\/v2\/media\/28354"}],"wp:attachment":[{"href":"https:\/\/www.ernstbrunn-apotheke.at\/katalog\/wp-json\/wp\/v2\/media?parent=28352"}],"wp:term":[{"taxonomy":"product_brand","embeddable":true,"href":"https:\/\/www.ernstbrunn-apotheke.at\/katalog\/wp-json\/wp\/v2\/product_brand?post=28352"},{"taxonomy":"product_cat","embeddable":true,"href":"https:\/\/www.ernstbrunn-apotheke.at\/katalog\/wp-json\/wp\/v2\/product_cat?post=28352"},{"taxonomy":"product_tag","embeddable":true,"href":"https:\/\/www.ernstbrunn-apotheke.at\/katalog\/wp-json\/wp\/v2\/product_tag?post=28352"}],"curies":[{"name":"wp","href":"https:\/\/api.w.org\/{rel}","templated":true}]}}