{"id":28342,"date":"2025-11-08T00:01:41","date_gmt":"2025-11-07T23:01:41","guid":{"rendered":"https:\/\/www.ernstbrunn-apotheke.at\/katalog\/produkt\/dr-hauschka-koerperbalsam-145-ml-rosen\/"},"modified":"2025-12-08T15:01:13","modified_gmt":"2025-12-08T14:01:13","slug":"dr-hauschka-koerperbalsam-145-ml-rosen","status":"publish","type":"product","link":"https:\/\/www.ernstbrunn-apotheke.at\/katalog\/produkt\/dr-hauschka-koerperbalsam-145-ml-rosen\/","title":{"rendered":"Dr. Hauschka K\u00f6rperbalsam 145 ml Rosen"},"content":{"rendered":"<p>Dr. Hauschka K\u00f6rperbalsam gl\u00e4ttet trockene, sensible Haut. Die ausgew\u00e4hlte Komposition reguliert die Feuchtigkeit der Haut, so dass sie sich wieder geschmeidig anf\u00fchlt.<\/p>\n","protected":false},"excerpt":{"rendered":"<p>Dr. Hauschka K\u00f6rperbalsam gl\u00e4ttet trockene, sensible Haut. Die ausgew\u00e4hlte Komposition reguliert die Feuchtigkeit der Haut, so dass sie sich wieder geschmeidig anf\u00fchlt.<\/p>\n","protected":false},"featured_media":28344,"template":"","meta":{"_acf_changed":false},"product_brand":[679],"product_cat":[792],"product_tag":[],"class_list":{"0":"post-28342","1":"product","2":"type-product","3":"status-publish","4":"has-post-thumbnail","6":"product_brand-dr-hauschka","7":"product_cat-d","8":"pa_packungsgroesse-145ml","10":"first","11":"instock","12":"shipping-taxable","13":"purchasable","14":"product-type-simple"},"acf":[],"_links":{"self":[{"href":"https:\/\/www.ernstbrunn-apotheke.at\/katalog\/wp-json\/wp\/v2\/product\/28342","targetHints":{"allow":["GET"]}}],"collection":[{"href":"https:\/\/www.ernstbrunn-apotheke.at\/katalog\/wp-json\/wp\/v2\/product"}],"about":[{"href":"https:\/\/www.ernstbrunn-apotheke.at\/katalog\/wp-json\/wp\/v2\/types\/product"}],"wp:featuredmedia":[{"embeddable":true,"href":"https:\/\/www.ernstbrunn-apotheke.at\/katalog\/wp-json\/wp\/v2\/media\/28344"}],"wp:attachment":[{"href":"https:\/\/www.ernstbrunn-apotheke.at\/katalog\/wp-json\/wp\/v2\/media?parent=28342"}],"wp:term":[{"taxonomy":"product_brand","embeddable":true,"href":"https:\/\/www.ernstbrunn-apotheke.at\/katalog\/wp-json\/wp\/v2\/product_brand?post=28342"},{"taxonomy":"product_cat","embeddable":true,"href":"https:\/\/www.ernstbrunn-apotheke.at\/katalog\/wp-json\/wp\/v2\/product_cat?post=28342"},{"taxonomy":"product_tag","embeddable":true,"href":"https:\/\/www.ernstbrunn-apotheke.at\/katalog\/wp-json\/wp\/v2\/product_tag?post=28342"}],"curies":[{"name":"wp","href":"https:\/\/api.w.org\/{rel}","templated":true}]}}