{"id":28283,"date":"2025-11-07T23:59:38","date_gmt":"2025-11-07T22:59:38","guid":{"rendered":"https:\/\/www.ernstbrunn-apotheke.at\/katalog\/produkt\/hyaluron-koerperlotion-200-ml\/"},"modified":"2025-12-08T15:00:56","modified_gmt":"2025-12-08T14:00:56","slug":"hyaluron-koerperlotion-200-ml","status":"publish","type":"product","link":"https:\/\/www.ernstbrunn-apotheke.at\/katalog\/produkt\/hyaluron-koerperlotion-200-ml\/","title":{"rendered":"Hyaluron K\u00f6rperlotion 200 ml"},"content":{"rendered":"<p>Zur Zeit besch\u00e4ftigt die Dr. Theiss Naturwaren GmbH in etwa 30 Gesellschaften auf f\u00fcnf Kontinenten weltweit \u00fcber 1.000 Mitarbeiter, davon 400 am Standort Homburg. Alle Dr. Theiss Naturheilmittel-, Naturpflege- und Naturkosmetikprodukte sind in Apotheken erh\u00e4ltlich.  alle Produkte von Dr. Theiss<\/p>\n","protected":false},"excerpt":{"rendered":"<p>Zur Zeit besch\u00e4ftigt die Dr. Theiss Naturwaren GmbH in etwa 30 Gesellschaften auf f\u00fcnf Kontinenten weltweit \u00fcber 1.000 Mitarbeiter, davon 400 am Standort Homburg. Alle Dr. Theiss Naturheilmittel-, Naturpflege- und Naturkosmetikprodukte sind in Apotheken erh\u00e4ltlich. alle Produkte von Dr. Theiss<\/p>\n","protected":false},"featured_media":28285,"template":"","meta":{"_acf_changed":false},"product_brand":[],"product_cat":[805],"product_tag":[],"class_list":{"0":"post-28283","1":"product","2":"type-product","3":"status-publish","4":"has-post-thumbnail","6":"product_cat-h","7":"pa_packungsgroesse-200ml","9":"first","10":"instock","11":"shipping-taxable","12":"purchasable","13":"product-type-simple"},"acf":[],"_links":{"self":[{"href":"https:\/\/www.ernstbrunn-apotheke.at\/katalog\/wp-json\/wp\/v2\/product\/28283","targetHints":{"allow":["GET"]}}],"collection":[{"href":"https:\/\/www.ernstbrunn-apotheke.at\/katalog\/wp-json\/wp\/v2\/product"}],"about":[{"href":"https:\/\/www.ernstbrunn-apotheke.at\/katalog\/wp-json\/wp\/v2\/types\/product"}],"wp:featuredmedia":[{"embeddable":true,"href":"https:\/\/www.ernstbrunn-apotheke.at\/katalog\/wp-json\/wp\/v2\/media\/28285"}],"wp:attachment":[{"href":"https:\/\/www.ernstbrunn-apotheke.at\/katalog\/wp-json\/wp\/v2\/media?parent=28283"}],"wp:term":[{"taxonomy":"product_brand","embeddable":true,"href":"https:\/\/www.ernstbrunn-apotheke.at\/katalog\/wp-json\/wp\/v2\/product_brand?post=28283"},{"taxonomy":"product_cat","embeddable":true,"href":"https:\/\/www.ernstbrunn-apotheke.at\/katalog\/wp-json\/wp\/v2\/product_cat?post=28283"},{"taxonomy":"product_tag","embeddable":true,"href":"https:\/\/www.ernstbrunn-apotheke.at\/katalog\/wp-json\/wp\/v2\/product_tag?post=28283"}],"curies":[{"name":"wp","href":"https:\/\/api.w.org\/{rel}","templated":true}]}}