{"id":28261,"date":"2025-11-07T23:59:13","date_gmt":"2025-11-07T22:59:13","guid":{"rendered":"https:\/\/www.ernstbrunn-apotheke.at\/katalog\/produkt\/eubos-creme-oelbad-400-ml-nachfuellung\/"},"modified":"2025-12-08T15:00:45","modified_gmt":"2025-12-08T14:00:45","slug":"eubos-creme-oelbad-400-ml-nachfuellung","status":"publish","type":"product","link":"https:\/\/www.ernstbrunn-apotheke.at\/katalog\/produkt\/eubos-creme-oelbad-400-ml-nachfuellung\/","title":{"rendered":"Eubos Creme \u00d6lbad 400 ml Nachf\u00fcllung"},"content":{"rendered":"<p>Reinigt, cremt und pflegt die Haut beim Baden. Alkali- und seifenfrei, pH-neutral, regeneriert und stabilisiert die nat\u00fcrliche Biosph\u00e4re der Haut.<\/p>\n<p> <strong>Eigenschaften:<\/strong><\/p>\n<p> EUBOS CREME-\u00d6LBAD ist ein nach modernen dermatologischen Erkenntnissen entwickeltes K\u00f6rperreinigungs- und Pflegemittel. Seine ausgew\u00e4hlte Mischung milder und leicht sch\u00e4umender Waschrohstoffe reinigt gr\u00fcndlich und schont die nat\u00fcrliche Biosph\u00e4re der Haut. Seine hochwertige Lipidmischung mit hohen Anteilen an mehrfach unges\u00e4ttigten Fetts\u00e4uren zieht w\u00e4hrend des Badens auf die Haut auf und reguliert die Hautfeuchtigkeit und den Fettgehalt insbesondere der trockenen, rissigen, schuppigen, angegriffenen und empfindlichen Haut. Nach dem Bad verbleibt ein zartes, cremiges Gef\u00fchl. <\/p>\n<p> Die Haut wird weich und geschmeidig. Unangenehmes Spannungsgef\u00fchl und Juckreiz werden verhindert. Wertvolle Wirkstoffe der Kamille steigern das angenehme Hautgef\u00fchl. EUBOS CREME-\u00d6LBAD enth\u00e4It weder Farb- noch Konservierungsstoffe, ist pH-neutral sowie seifen- und alkalifrei. EUBOS CREME-\u00d6LBAD kann auch zur Reinigung und Pflege bei Hauterkrankungen eingesetzt werden. Dermatologisch getestet.<\/p>\n<p> <strong>Die Hauptwirkstoffe und deren Nutzen f\u00fcr Ihre Haut:<\/strong><\/p>\n<p> Soja\u00f6I mit seinen hohen Anteilen an Linol- und Linolens\u00e4ure (essentielle Fetts\u00e4uren) sowie \u00d6ls\u00e4ure stabilisiert den Fett- und Feuchtigkeitshaushalt der Haut und wirkt gegen Schuppung und Austrocknung. Kamillenextrakt mit Bisabolol wirkt reiz- und entz\u00fcndungshemmend, beruhigt und entspannt besonders auch die empfindliche Haut.<\/p>\n","protected":false},"excerpt":{"rendered":"<p>Reinigt, cremt und pflegt die Haut beim Baden. Alkali- und seifenfrei, pH-neutral, regeneriert und stabilisiert die nat\u00fcrliche Biosph\u00e4re der Haut. Eigenschaften: EUBOS CREME-\u00d6LBAD ist ein nach modernen dermatologischen Erkenntnissen entwickeltes K\u00f6rperreinigungs- und Pflegemittel. Seine ausgew\u00e4hlte Mischung milder und leicht sch\u00e4umender Waschrohstoffe reinigt gr\u00fcndlich und schont die nat\u00fcrliche Biosph\u00e4re der Haut. Seine hochwertige Lipidmischung mit hohen [&hellip;]<\/p>\n","protected":false},"featured_media":28263,"template":"","meta":{"_acf_changed":false},"product_brand":[694],"product_cat":[794],"product_tag":[],"class_list":{"0":"post-28261","1":"product","2":"type-product","3":"status-publish","4":"has-post-thumbnail","6":"product_brand-eubos","7":"product_cat-e","8":"pa_packungsgroesse-400ml","10":"first","11":"instock","12":"shipping-taxable","13":"purchasable","14":"product-type-simple"},"acf":[],"_links":{"self":[{"href":"https:\/\/www.ernstbrunn-apotheke.at\/katalog\/wp-json\/wp\/v2\/product\/28261","targetHints":{"allow":["GET"]}}],"collection":[{"href":"https:\/\/www.ernstbrunn-apotheke.at\/katalog\/wp-json\/wp\/v2\/product"}],"about":[{"href":"https:\/\/www.ernstbrunn-apotheke.at\/katalog\/wp-json\/wp\/v2\/types\/product"}],"wp:featuredmedia":[{"embeddable":true,"href":"https:\/\/www.ernstbrunn-apotheke.at\/katalog\/wp-json\/wp\/v2\/media\/28263"}],"wp:attachment":[{"href":"https:\/\/www.ernstbrunn-apotheke.at\/katalog\/wp-json\/wp\/v2\/media?parent=28261"}],"wp:term":[{"taxonomy":"product_brand","embeddable":true,"href":"https:\/\/www.ernstbrunn-apotheke.at\/katalog\/wp-json\/wp\/v2\/product_brand?post=28261"},{"taxonomy":"product_cat","embeddable":true,"href":"https:\/\/www.ernstbrunn-apotheke.at\/katalog\/wp-json\/wp\/v2\/product_cat?post=28261"},{"taxonomy":"product_tag","embeddable":true,"href":"https:\/\/www.ernstbrunn-apotheke.at\/katalog\/wp-json\/wp\/v2\/product_tag?post=28261"}],"curies":[{"name":"wp","href":"https:\/\/api.w.org\/{rel}","templated":true}]}}