{"id":28250,"date":"2025-11-07T23:58:08","date_gmt":"2025-11-07T22:58:08","guid":{"rendered":"https:\/\/www.ernstbrunn-apotheke.at\/katalog\/produkt\/weleda-schoenheitsdusche-granatapfel-200-ml\/"},"modified":"2025-12-08T15:00:39","modified_gmt":"2025-12-08T14:00:39","slug":"weleda-schoenheitsdusche-granatapfel-200-ml","status":"publish","type":"product","link":"https:\/\/www.ernstbrunn-apotheke.at\/katalog\/produkt\/weleda-schoenheitsdusche-granatapfel-200-ml\/","title":{"rendered":"Weleda Sch\u00f6nheitsdusche Granatapfel 200 ml"},"content":{"rendered":"<p>Weleda Sch\u00f6nheitsdusche bringt Ihre innere und \u00e4u\u00dfere Sch\u00f6nheit in Einklang, w\u00e4hrend der sinnlich-feminine Duft von Sandelholz, Davana, Neroli und Blutorange inspiriert und ausgleichend auf K\u00f6rper, Geist und Seele wirkt. Milde Zuckertenside reinigen die Haut besonders sanft. Zus\u00e4tzlich pflegt die Weleda Granatapfel-Sch\u00f6nheitsdusche Ihre Haut mit wertvollen \u00d6len aus Granatapfelsamen, Macadamian\u00fcssen und Sesam.<\/p>\n","protected":false},"excerpt":{"rendered":"<p>Weleda Sch\u00f6nheitsdusche bringt Ihre innere und \u00e4u\u00dfere Sch\u00f6nheit in Einklang, w\u00e4hrend der sinnlich-feminine Duft von Sandelholz, Davana, Neroli und Blutorange inspiriert und ausgleichend auf K\u00f6rper, Geist und Seele wirkt. Milde Zuckertenside reinigen die Haut besonders sanft. Zus\u00e4tzlich pflegt die Weleda Granatapfel-Sch\u00f6nheitsdusche Ihre Haut mit wertvollen \u00d6len aus Granatapfelsamen, Macadamian\u00fcssen und Sesam.<\/p>\n","protected":false},"featured_media":28252,"template":"","meta":{"_acf_changed":false},"product_brand":[567],"product_cat":[796],"product_tag":[],"class_list":{"0":"post-28250","1":"product","2":"type-product","3":"status-publish","4":"has-post-thumbnail","6":"product_brand-weleda","7":"product_cat-w","8":"pa_packungsgroesse-200ml","10":"first","11":"instock","12":"shipping-taxable","13":"purchasable","14":"product-type-simple"},"acf":[],"_links":{"self":[{"href":"https:\/\/www.ernstbrunn-apotheke.at\/katalog\/wp-json\/wp\/v2\/product\/28250","targetHints":{"allow":["GET"]}}],"collection":[{"href":"https:\/\/www.ernstbrunn-apotheke.at\/katalog\/wp-json\/wp\/v2\/product"}],"about":[{"href":"https:\/\/www.ernstbrunn-apotheke.at\/katalog\/wp-json\/wp\/v2\/types\/product"}],"wp:featuredmedia":[{"embeddable":true,"href":"https:\/\/www.ernstbrunn-apotheke.at\/katalog\/wp-json\/wp\/v2\/media\/28252"}],"wp:attachment":[{"href":"https:\/\/www.ernstbrunn-apotheke.at\/katalog\/wp-json\/wp\/v2\/media?parent=28250"}],"wp:term":[{"taxonomy":"product_brand","embeddable":true,"href":"https:\/\/www.ernstbrunn-apotheke.at\/katalog\/wp-json\/wp\/v2\/product_brand?post=28250"},{"taxonomy":"product_cat","embeddable":true,"href":"https:\/\/www.ernstbrunn-apotheke.at\/katalog\/wp-json\/wp\/v2\/product_cat?post=28250"},{"taxonomy":"product_tag","embeddable":true,"href":"https:\/\/www.ernstbrunn-apotheke.at\/katalog\/wp-json\/wp\/v2\/product_tag?post=28250"}],"curies":[{"name":"wp","href":"https:\/\/api.w.org\/{rel}","templated":true}]}}