{"id":28217,"date":"2025-11-07T23:58:08","date_gmt":"2025-11-07T22:58:08","guid":{"rendered":"https:\/\/www.ernstbrunn-apotheke.at\/katalog\/produkt\/weleda-ratanhia-mundwasser\/"},"modified":"2025-12-08T15:00:34","modified_gmt":"2025-12-08T14:00:34","slug":"weleda-ratanhia-mundwasser","status":"publish","type":"product","link":"https:\/\/www.ernstbrunn-apotheke.at\/katalog\/produkt\/weleda-ratanhia-mundwasser\/","title":{"rendered":"Weleda Ratanhia Mundwasser"},"content":{"rendered":"<p>Das Weleda Ratanhia-Mundwasser regt durch \u00e4therische \u00d6le und mineralische Substanzen die nat\u00fcrlichen Funktionen der Mundschleimhaut sowie der Mundflora an und sorgt f\u00fcr frischen Atem ohne Geschmacksbeeintr\u00e4chtigung. Ausz\u00fcge aus der peruanischen Ratanhiapflanze und Myrrhe kr\u00e4ftigen das Zahnfleisch und die Mundschleimhaut und helfen so, Entz\u00fcndungen und Zahnfleischbluten vorzubeugen..<\/p>\n","protected":false},"excerpt":{"rendered":"<p>Das Weleda Ratanhia-Mundwasser regt durch \u00e4therische \u00d6le und mineralische Substanzen die nat\u00fcrlichen Funktionen der Mundschleimhaut sowie der Mundflora an und sorgt f\u00fcr frischen Atem ohne Geschmacksbeeintr\u00e4chtigung. Ausz\u00fcge aus der peruanischen Ratanhiapflanze und Myrrhe kr\u00e4ftigen das Zahnfleisch und die Mundschleimhaut und helfen so, Entz\u00fcndungen und Zahnfleischbluten vorzubeugen..<\/p>\n","protected":false},"featured_media":28219,"template":"","meta":{"_acf_changed":false},"product_brand":[567],"product_cat":[796],"product_tag":[],"class_list":{"0":"post-28217","1":"product","2":"type-product","3":"status-publish","4":"has-post-thumbnail","6":"product_brand-weleda","7":"product_cat-w","8":"pa_packungsgroesse-50ml","10":"first","11":"instock","12":"shipping-taxable","13":"purchasable","14":"product-type-simple"},"acf":[],"_links":{"self":[{"href":"https:\/\/www.ernstbrunn-apotheke.at\/katalog\/wp-json\/wp\/v2\/product\/28217","targetHints":{"allow":["GET"]}}],"collection":[{"href":"https:\/\/www.ernstbrunn-apotheke.at\/katalog\/wp-json\/wp\/v2\/product"}],"about":[{"href":"https:\/\/www.ernstbrunn-apotheke.at\/katalog\/wp-json\/wp\/v2\/types\/product"}],"wp:featuredmedia":[{"embeddable":true,"href":"https:\/\/www.ernstbrunn-apotheke.at\/katalog\/wp-json\/wp\/v2\/media\/28219"}],"wp:attachment":[{"href":"https:\/\/www.ernstbrunn-apotheke.at\/katalog\/wp-json\/wp\/v2\/media?parent=28217"}],"wp:term":[{"taxonomy":"product_brand","embeddable":true,"href":"https:\/\/www.ernstbrunn-apotheke.at\/katalog\/wp-json\/wp\/v2\/product_brand?post=28217"},{"taxonomy":"product_cat","embeddable":true,"href":"https:\/\/www.ernstbrunn-apotheke.at\/katalog\/wp-json\/wp\/v2\/product_cat?post=28217"},{"taxonomy":"product_tag","embeddable":true,"href":"https:\/\/www.ernstbrunn-apotheke.at\/katalog\/wp-json\/wp\/v2\/product_tag?post=28217"}],"curies":[{"name":"wp","href":"https:\/\/api.w.org\/{rel}","templated":true}]}}