{"id":28204,"date":"2025-11-07T23:58:08","date_gmt":"2025-11-07T22:58:08","guid":{"rendered":"https:\/\/www.ernstbrunn-apotheke.at\/katalog\/produkt\/viva-skin-koerpermilch-500-ml\/"},"modified":"2025-12-08T15:00:31","modified_gmt":"2025-12-08T14:00:31","slug":"viva-skin-koerpermilch-500-ml","status":"publish","type":"product","link":"https:\/\/www.ernstbrunn-apotheke.at\/katalog\/produkt\/viva-skin-koerpermilch-500-ml\/","title":{"rendered":"Viva Skin K\u00f6rpermilch 500 ml"},"content":{"rendered":"<p>Viva Skin K\u00f6rpermilch wurde speziell f\u00fcr die sehr sensible und zu Allergien und Irritationen neigende Haut entwickelt. Sie enth\u00e4lt daher nur ein Minimum an Inhaltsstoffen, um die Haut nicht zus\u00e4tzlich zu belasten. Besonders hautfreundliche \u00d6le sch\u00fctzen nachhaltig vor dem Austrocknen &#8211; alle Produkte von Viva Skin mit hohem Rabatt bestellen! ist dieses Produkt in den Packungsgr\u00f6\u00dfen 200 ml und 500 ml erh\u00e4ltlich.<\/p>\n","protected":false},"excerpt":{"rendered":"<p>Viva Skin K\u00f6rpermilch wurde speziell f\u00fcr die sehr sensible und zu Allergien und Irritationen neigende Haut entwickelt. Sie enth\u00e4lt daher nur ein Minimum an Inhaltsstoffen, um die Haut nicht zus\u00e4tzlich zu belasten. Besonders hautfreundliche \u00d6le sch\u00fctzen nachhaltig vor dem Austrocknen &#8211; alle Produkte von Viva Skin mit hohem Rabatt bestellen! ist dieses Produkt in den [&hellip;]<\/p>\n","protected":false},"featured_media":28206,"template":"","meta":{"_acf_changed":false},"product_brand":[],"product_cat":[799],"product_tag":[],"class_list":{"0":"post-28204","1":"product","2":"type-product","3":"status-publish","4":"has-post-thumbnail","6":"product_cat-v","7":"pa_packungsgroesse-500ml","9":"first","10":"instock","11":"shipping-taxable","12":"purchasable","13":"product-type-simple"},"acf":[],"_links":{"self":[{"href":"https:\/\/www.ernstbrunn-apotheke.at\/katalog\/wp-json\/wp\/v2\/product\/28204","targetHints":{"allow":["GET"]}}],"collection":[{"href":"https:\/\/www.ernstbrunn-apotheke.at\/katalog\/wp-json\/wp\/v2\/product"}],"about":[{"href":"https:\/\/www.ernstbrunn-apotheke.at\/katalog\/wp-json\/wp\/v2\/types\/product"}],"wp:featuredmedia":[{"embeddable":true,"href":"https:\/\/www.ernstbrunn-apotheke.at\/katalog\/wp-json\/wp\/v2\/media\/28206"}],"wp:attachment":[{"href":"https:\/\/www.ernstbrunn-apotheke.at\/katalog\/wp-json\/wp\/v2\/media?parent=28204"}],"wp:term":[{"taxonomy":"product_brand","embeddable":true,"href":"https:\/\/www.ernstbrunn-apotheke.at\/katalog\/wp-json\/wp\/v2\/product_brand?post=28204"},{"taxonomy":"product_cat","embeddable":true,"href":"https:\/\/www.ernstbrunn-apotheke.at\/katalog\/wp-json\/wp\/v2\/product_cat?post=28204"},{"taxonomy":"product_tag","embeddable":true,"href":"https:\/\/www.ernstbrunn-apotheke.at\/katalog\/wp-json\/wp\/v2\/product_tag?post=28204"}],"curies":[{"name":"wp","href":"https:\/\/api.w.org\/{rel}","templated":true}]}}