{"id":28191,"date":"2025-11-07T23:57:19","date_gmt":"2025-11-07T22:57:19","guid":{"rendered":"https:\/\/www.ernstbrunn-apotheke.at\/katalog\/produkt\/eubos-hautbalsam-400-ml-nachfuellung\/"},"modified":"2025-12-08T15:00:26","modified_gmt":"2025-12-08T14:00:26","slug":"eubos-hautbalsam-400-ml-nachfuellung","status":"publish","type":"product","link":"https:\/\/www.ernstbrunn-apotheke.at\/katalog\/produkt\/eubos-hautbalsam-400-ml-nachfuellung\/","title":{"rendered":"Eubos Hautbalsam 400 ml Nachf\u00fcllung"},"content":{"rendered":"<p>Eubos Hautbalsam ist eine Feuchtigkeit spendende, schnell einziehende K\u00f6rperlotion f\u00fcr normale Haut zur t\u00e4glichen, medizinischen Hautpflege.<\/p>\n","protected":false},"excerpt":{"rendered":"<p>Eubos Hautbalsam ist eine Feuchtigkeit spendende, schnell einziehende K\u00f6rperlotion f\u00fcr normale Haut zur t\u00e4glichen, medizinischen Hautpflege.<\/p>\n","protected":false},"featured_media":28193,"template":"","meta":{"_acf_changed":false},"product_brand":[694],"product_cat":[794],"product_tag":[],"class_list":{"0":"post-28191","1":"product","2":"type-product","3":"status-publish","4":"has-post-thumbnail","6":"product_brand-eubos","7":"product_cat-e","8":"pa_packungsgroesse-400ml","10":"first","11":"instock","12":"shipping-taxable","13":"purchasable","14":"product-type-simple"},"acf":[],"_links":{"self":[{"href":"https:\/\/www.ernstbrunn-apotheke.at\/katalog\/wp-json\/wp\/v2\/product\/28191","targetHints":{"allow":["GET"]}}],"collection":[{"href":"https:\/\/www.ernstbrunn-apotheke.at\/katalog\/wp-json\/wp\/v2\/product"}],"about":[{"href":"https:\/\/www.ernstbrunn-apotheke.at\/katalog\/wp-json\/wp\/v2\/types\/product"}],"wp:featuredmedia":[{"embeddable":true,"href":"https:\/\/www.ernstbrunn-apotheke.at\/katalog\/wp-json\/wp\/v2\/media\/28193"}],"wp:attachment":[{"href":"https:\/\/www.ernstbrunn-apotheke.at\/katalog\/wp-json\/wp\/v2\/media?parent=28191"}],"wp:term":[{"taxonomy":"product_brand","embeddable":true,"href":"https:\/\/www.ernstbrunn-apotheke.at\/katalog\/wp-json\/wp\/v2\/product_brand?post=28191"},{"taxonomy":"product_cat","embeddable":true,"href":"https:\/\/www.ernstbrunn-apotheke.at\/katalog\/wp-json\/wp\/v2\/product_cat?post=28191"},{"taxonomy":"product_tag","embeddable":true,"href":"https:\/\/www.ernstbrunn-apotheke.at\/katalog\/wp-json\/wp\/v2\/product_tag?post=28191"}],"curies":[{"name":"wp","href":"https:\/\/api.w.org\/{rel}","templated":true}]}}