{"id":28143,"date":"2025-11-07T23:57:19","date_gmt":"2025-11-07T22:57:19","guid":{"rendered":"https:\/\/www.ernstbrunn-apotheke.at\/katalog\/produkt\/la-cura-jojoba-oel-wilco-nuss\/"},"modified":"2025-12-08T15:00:13","modified_gmt":"2025-12-08T14:00:13","slug":"la-cura-jojoba-oel-wilco-nuss","status":"publish","type":"product","link":"https:\/\/www.ernstbrunn-apotheke.at\/katalog\/produkt\/la-cura-jojoba-oel-wilco-nuss\/","title":{"rendered":"La Cura Jojoba \u00d6l Wilco + Nuss"},"content":{"rendered":"<p>La Cura Jojoba \u00d6l Wilco + Nuss enth\u00e4lt wertvolle nat\u00fcrliche Pflanzenwirkstoffe, Vitamine und Lipide. Das Produkt wird sofort von der Haut aufgenommen und fettet nicht. Es zieht tief in die Haut ein und entfaltet dort seine einmalige Wirkung. Dieses reichhaltige \u00d6l versorgt die Haut mit Feuchtigkeit, sch\u00fctzt sie vor Trockenheit und unterst\u00fctzt die Widerstandskraft.<\/p>\n","protected":false},"excerpt":{"rendered":"<p>La Cura Jojoba \u00d6l Wilco + Nuss enth\u00e4lt wertvolle nat\u00fcrliche Pflanzenwirkstoffe, Vitamine und Lipide. Das Produkt wird sofort von der Haut aufgenommen und fettet nicht. Es zieht tief in die Haut ein und entfaltet dort seine einmalige Wirkung. Dieses reichhaltige \u00d6l versorgt die Haut mit Feuchtigkeit, sch\u00fctzt sie vor Trockenheit und unterst\u00fctzt die Widerstandskraft.<\/p>\n","protected":false},"featured_media":28145,"template":"","meta":{"_acf_changed":false},"product_brand":[],"product_cat":[795],"product_tag":[],"class_list":{"0":"post-28143","1":"product","2":"type-product","3":"status-publish","4":"has-post-thumbnail","6":"product_cat-l","7":"pa_packungsgroesse-100ml","9":"first","10":"instock","11":"shipping-taxable","12":"purchasable","13":"product-type-simple"},"acf":[],"_links":{"self":[{"href":"https:\/\/www.ernstbrunn-apotheke.at\/katalog\/wp-json\/wp\/v2\/product\/28143","targetHints":{"allow":["GET"]}}],"collection":[{"href":"https:\/\/www.ernstbrunn-apotheke.at\/katalog\/wp-json\/wp\/v2\/product"}],"about":[{"href":"https:\/\/www.ernstbrunn-apotheke.at\/katalog\/wp-json\/wp\/v2\/types\/product"}],"wp:featuredmedia":[{"embeddable":true,"href":"https:\/\/www.ernstbrunn-apotheke.at\/katalog\/wp-json\/wp\/v2\/media\/28145"}],"wp:attachment":[{"href":"https:\/\/www.ernstbrunn-apotheke.at\/katalog\/wp-json\/wp\/v2\/media?parent=28143"}],"wp:term":[{"taxonomy":"product_brand","embeddable":true,"href":"https:\/\/www.ernstbrunn-apotheke.at\/katalog\/wp-json\/wp\/v2\/product_brand?post=28143"},{"taxonomy":"product_cat","embeddable":true,"href":"https:\/\/www.ernstbrunn-apotheke.at\/katalog\/wp-json\/wp\/v2\/product_cat?post=28143"},{"taxonomy":"product_tag","embeddable":true,"href":"https:\/\/www.ernstbrunn-apotheke.at\/katalog\/wp-json\/wp\/v2\/product_tag?post=28143"}],"curies":[{"name":"wp","href":"https:\/\/api.w.org\/{rel}","templated":true}]}}