{"id":28098,"date":"2025-11-07T23:55:58","date_gmt":"2025-11-07T22:55:58","guid":{"rendered":"https:\/\/www.ernstbrunn-apotheke.at\/katalog\/produkt\/esemtan-aktiv-gel-schuelke-500-ml\/"},"modified":"2025-12-08T14:59:57","modified_gmt":"2025-12-08T13:59:57","slug":"esemtan-aktiv-gel-schuelke-500-ml","status":"publish","type":"product","link":"https:\/\/www.ernstbrunn-apotheke.at\/katalog\/produkt\/esemtan-aktiv-gel-schuelke-500-ml\/","title":{"rendered":"Esemtan Aktiv Gel Sch\u00fclke 500 ml"},"content":{"rendered":"<p>Esemtan Aktiv Gel Sch\u00fclke f\u00fcr belebende, durchblutungsf\u00f6rdernde und hautschonende Einreibungen. esemtan active gel bei Verspannungen, schweren Beinen o. \u00e4. auf die Haut auftragen und einmassieren. Auch f\u00fcr Pneumonieprophylaxe geeignet.<\/p>\n","protected":false},"excerpt":{"rendered":"<p>Esemtan Aktiv Gel Sch\u00fclke f\u00fcr belebende, durchblutungsf\u00f6rdernde und hautschonende Einreibungen. esemtan active gel bei Verspannungen, schweren Beinen o. \u00e4. auf die Haut auftragen und einmassieren. Auch f\u00fcr Pneumonieprophylaxe geeignet.<\/p>\n","protected":false},"featured_media":28100,"template":"","meta":{"_acf_changed":false},"product_brand":[],"product_cat":[794],"product_tag":[],"class_list":{"0":"post-28098","1":"product","2":"type-product","3":"status-publish","4":"has-post-thumbnail","6":"product_cat-e","7":"pa_packungsgroesse-500ml","9":"first","10":"instock","11":"shipping-taxable","12":"purchasable","13":"product-type-simple"},"acf":[],"_links":{"self":[{"href":"https:\/\/www.ernstbrunn-apotheke.at\/katalog\/wp-json\/wp\/v2\/product\/28098","targetHints":{"allow":["GET"]}}],"collection":[{"href":"https:\/\/www.ernstbrunn-apotheke.at\/katalog\/wp-json\/wp\/v2\/product"}],"about":[{"href":"https:\/\/www.ernstbrunn-apotheke.at\/katalog\/wp-json\/wp\/v2\/types\/product"}],"wp:featuredmedia":[{"embeddable":true,"href":"https:\/\/www.ernstbrunn-apotheke.at\/katalog\/wp-json\/wp\/v2\/media\/28100"}],"wp:attachment":[{"href":"https:\/\/www.ernstbrunn-apotheke.at\/katalog\/wp-json\/wp\/v2\/media?parent=28098"}],"wp:term":[{"taxonomy":"product_brand","embeddable":true,"href":"https:\/\/www.ernstbrunn-apotheke.at\/katalog\/wp-json\/wp\/v2\/product_brand?post=28098"},{"taxonomy":"product_cat","embeddable":true,"href":"https:\/\/www.ernstbrunn-apotheke.at\/katalog\/wp-json\/wp\/v2\/product_cat?post=28098"},{"taxonomy":"product_tag","embeddable":true,"href":"https:\/\/www.ernstbrunn-apotheke.at\/katalog\/wp-json\/wp\/v2\/product_tag?post=28098"}],"curies":[{"name":"wp","href":"https:\/\/api.w.org\/{rel}","templated":true}]}}