{"id":28061,"date":"2025-11-07T23:55:58","date_gmt":"2025-11-07T22:55:58","guid":{"rendered":"https:\/\/www.ernstbrunn-apotheke.at\/katalog\/produkt\/pelbal-oelbad-500-ml\/"},"modified":"2025-12-08T14:59:47","modified_gmt":"2025-12-08T13:59:47","slug":"pelbal-oelbad-500-ml","status":"publish","type":"product","link":"https:\/\/www.ernstbrunn-apotheke.at\/katalog\/produkt\/pelbal-oelbad-500-ml\/","title":{"rendered":"Pelbal \u00d6lbad 500 ml"},"content":{"rendered":"<p>Pelbal \u00d6lbad enth\u00e4lt eine ausgewogene Kombination hochwertiger \u00d6le und ist frei von Farbstoffen und Konservierungsmitteln. Daher ist es hervorragend f\u00fcr trockene und empfindliche Haut geeignet.<\/p>\n","protected":false},"excerpt":{"rendered":"<p>Pelbal \u00d6lbad enth\u00e4lt eine ausgewogene Kombination hochwertiger \u00d6le und ist frei von Farbstoffen und Konservierungsmitteln. Daher ist es hervorragend f\u00fcr trockene und empfindliche Haut geeignet.<\/p>\n","protected":false},"featured_media":28063,"template":"","meta":{"_acf_changed":false},"product_brand":[],"product_cat":[793],"product_tag":[],"class_list":{"0":"post-28061","1":"product","2":"type-product","3":"status-publish","4":"has-post-thumbnail","6":"product_cat-p","7":"pa_packungsgroesse-100ml","8":"pa_packungsgroesse-1l","9":"pa_packungsgroesse-200ml","10":"pa_packungsgroesse-500ml","12":"first","13":"instock","14":"shipping-taxable","15":"purchasable","16":"product-type-simple"},"acf":[],"_links":{"self":[{"href":"https:\/\/www.ernstbrunn-apotheke.at\/katalog\/wp-json\/wp\/v2\/product\/28061","targetHints":{"allow":["GET"]}}],"collection":[{"href":"https:\/\/www.ernstbrunn-apotheke.at\/katalog\/wp-json\/wp\/v2\/product"}],"about":[{"href":"https:\/\/www.ernstbrunn-apotheke.at\/katalog\/wp-json\/wp\/v2\/types\/product"}],"wp:featuredmedia":[{"embeddable":true,"href":"https:\/\/www.ernstbrunn-apotheke.at\/katalog\/wp-json\/wp\/v2\/media\/28063"}],"wp:attachment":[{"href":"https:\/\/www.ernstbrunn-apotheke.at\/katalog\/wp-json\/wp\/v2\/media?parent=28061"}],"wp:term":[{"taxonomy":"product_brand","embeddable":true,"href":"https:\/\/www.ernstbrunn-apotheke.at\/katalog\/wp-json\/wp\/v2\/product_brand?post=28061"},{"taxonomy":"product_cat","embeddable":true,"href":"https:\/\/www.ernstbrunn-apotheke.at\/katalog\/wp-json\/wp\/v2\/product_cat?post=28061"},{"taxonomy":"product_tag","embeddable":true,"href":"https:\/\/www.ernstbrunn-apotheke.at\/katalog\/wp-json\/wp\/v2\/product_tag?post=28061"}],"curies":[{"name":"wp","href":"https:\/\/api.w.org\/{rel}","templated":true}]}}