{"id":28041,"date":"2025-11-07T23:55:26","date_gmt":"2025-11-07T22:55:26","guid":{"rendered":"https:\/\/www.ernstbrunn-apotheke.at\/katalog\/produkt\/medipharma-cosmetics-olivenoel-koerperbalsam-tube-200-ml\/"},"modified":"2025-12-08T14:59:39","modified_gmt":"2025-12-08T13:59:39","slug":"medipharma-cosmetics-olivenoel-koerperbalsam-tube-200-ml","status":"publish","type":"product","link":"https:\/\/www.ernstbrunn-apotheke.at\/katalog\/produkt\/medipharma-cosmetics-olivenoel-koerperbalsam-tube-200-ml\/","title":{"rendered":"Medipharma Cosmetics Oliven\u00f6l K\u00f6rperbalsam Tube 200 ml"},"content":{"rendered":"<p>Medipharma Cosmetics Oliven\u00f6l K\u00f6rperbalsam versorgt trockene und empfindliche Haut mit ausreichend Feuchtigkeit. Kostbare \u00d6le, Vitamin E und hautpflegende Shea Butter sch\u00fctzen die Haut vor dem Austrocknen und unterst\u00fctzen ihre Regeneration. Schon beim Auftragen sp\u00fcren Sie, wie schnell die Feuchtigkeit von der Haut aufgenommen wird. Die Haut f\u00fchlt sich zart und geschmeidig an.<\/p>\n","protected":false},"excerpt":{"rendered":"<p>Medipharma Cosmetics Oliven\u00f6l K\u00f6rperbalsam versorgt trockene und empfindliche Haut mit ausreichend Feuchtigkeit. Kostbare \u00d6le, Vitamin E und hautpflegende Shea Butter sch\u00fctzen die Haut vor dem Austrocknen und unterst\u00fctzen ihre Regeneration. Schon beim Auftragen sp\u00fcren Sie, wie schnell die Feuchtigkeit von der Haut aufgenommen wird. Die Haut f\u00fchlt sich zart und geschmeidig an.<\/p>\n","protected":false},"featured_media":28043,"template":"","meta":{"_acf_changed":false},"product_brand":[685],"product_cat":[800],"product_tag":[],"class_list":{"0":"post-28041","1":"product","2":"type-product","3":"status-publish","4":"has-post-thumbnail","6":"product_brand-olivenoel-theiss","7":"product_cat-m","8":"pa_packungsgroesse-200ml","10":"first","11":"instock","12":"shipping-taxable","13":"purchasable","14":"product-type-simple"},"acf":[],"_links":{"self":[{"href":"https:\/\/www.ernstbrunn-apotheke.at\/katalog\/wp-json\/wp\/v2\/product\/28041","targetHints":{"allow":["GET"]}}],"collection":[{"href":"https:\/\/www.ernstbrunn-apotheke.at\/katalog\/wp-json\/wp\/v2\/product"}],"about":[{"href":"https:\/\/www.ernstbrunn-apotheke.at\/katalog\/wp-json\/wp\/v2\/types\/product"}],"wp:featuredmedia":[{"embeddable":true,"href":"https:\/\/www.ernstbrunn-apotheke.at\/katalog\/wp-json\/wp\/v2\/media\/28043"}],"wp:attachment":[{"href":"https:\/\/www.ernstbrunn-apotheke.at\/katalog\/wp-json\/wp\/v2\/media?parent=28041"}],"wp:term":[{"taxonomy":"product_brand","embeddable":true,"href":"https:\/\/www.ernstbrunn-apotheke.at\/katalog\/wp-json\/wp\/v2\/product_brand?post=28041"},{"taxonomy":"product_cat","embeddable":true,"href":"https:\/\/www.ernstbrunn-apotheke.at\/katalog\/wp-json\/wp\/v2\/product_cat?post=28041"},{"taxonomy":"product_tag","embeddable":true,"href":"https:\/\/www.ernstbrunn-apotheke.at\/katalog\/wp-json\/wp\/v2\/product_tag?post=28041"}],"curies":[{"name":"wp","href":"https:\/\/api.w.org\/{rel}","templated":true}]}}