{"id":28037,"date":"2025-11-07T23:55:26","date_gmt":"2025-11-07T22:55:26","guid":{"rendered":"https:\/\/www.ernstbrunn-apotheke.at\/katalog\/produkt\/creastrian-creme-plus-250-ml\/"},"modified":"2025-12-08T14:59:37","modified_gmt":"2025-12-08T13:59:37","slug":"creastrian-creme-plus-250-ml","status":"publish","type":"product","link":"https:\/\/www.ernstbrunn-apotheke.at\/katalog\/produkt\/creastrian-creme-plus-250-ml\/","title":{"rendered":"Creastrian Creme Plus 250 ml"},"content":{"rendered":"<p>Creastrian Creme Plus mit dem rein pflanzlichen Wirkstoff Centella asiatica dient als Vorbeugung und bei bereits vorhandenen Dehnungsstreifen. Zudem wird die Creme auch als Vorbeugung und Behandlung von Schwangerschaftsstreifen angewendet. Dar\u00fcber hinaus eignet sie sich auch zur Anwendung w\u00e4hrend des K\u00f6rperwachstums sowie bei Ab- oder Zunahme von Gewicht sowie bei Sport und Muskelaufbau.<\/p>\n","protected":false},"excerpt":{"rendered":"<p>Creastrian Creme Plus mit dem rein pflanzlichen Wirkstoff Centella asiatica dient als Vorbeugung und bei bereits vorhandenen Dehnungsstreifen. Zudem wird die Creme auch als Vorbeugung und Behandlung von Schwangerschaftsstreifen angewendet. Dar\u00fcber hinaus eignet sie sich auch zur Anwendung w\u00e4hrend des K\u00f6rperwachstums sowie bei Ab- oder Zunahme von Gewicht sowie bei Sport und Muskelaufbau.<\/p>\n","protected":false},"featured_media":28039,"template":"","meta":{"_acf_changed":false},"product_brand":[],"product_cat":[812],"product_tag":[],"class_list":{"0":"post-28037","1":"product","2":"type-product","3":"status-publish","4":"has-post-thumbnail","6":"product_cat-c","7":"pa_packungsgroesse-250ml","9":"first","10":"instock","11":"shipping-taxable","12":"purchasable","13":"product-type-simple"},"acf":[],"_links":{"self":[{"href":"https:\/\/www.ernstbrunn-apotheke.at\/katalog\/wp-json\/wp\/v2\/product\/28037","targetHints":{"allow":["GET"]}}],"collection":[{"href":"https:\/\/www.ernstbrunn-apotheke.at\/katalog\/wp-json\/wp\/v2\/product"}],"about":[{"href":"https:\/\/www.ernstbrunn-apotheke.at\/katalog\/wp-json\/wp\/v2\/types\/product"}],"wp:featuredmedia":[{"embeddable":true,"href":"https:\/\/www.ernstbrunn-apotheke.at\/katalog\/wp-json\/wp\/v2\/media\/28039"}],"wp:attachment":[{"href":"https:\/\/www.ernstbrunn-apotheke.at\/katalog\/wp-json\/wp\/v2\/media?parent=28037"}],"wp:term":[{"taxonomy":"product_brand","embeddable":true,"href":"https:\/\/www.ernstbrunn-apotheke.at\/katalog\/wp-json\/wp\/v2\/product_brand?post=28037"},{"taxonomy":"product_cat","embeddable":true,"href":"https:\/\/www.ernstbrunn-apotheke.at\/katalog\/wp-json\/wp\/v2\/product_cat?post=28037"},{"taxonomy":"product_tag","embeddable":true,"href":"https:\/\/www.ernstbrunn-apotheke.at\/katalog\/wp-json\/wp\/v2\/product_tag?post=28037"}],"curies":[{"name":"wp","href":"https:\/\/api.w.org\/{rel}","templated":true}]}}