{"id":28023,"date":"2025-11-07T23:55:26","date_gmt":"2025-11-07T22:55:26","guid":{"rendered":"https:\/\/www.ernstbrunn-apotheke.at\/katalog\/produkt\/kneipp-naturkosmetik-40-g-farbzauber-drache\/"},"modified":"2025-12-08T14:59:32","modified_gmt":"2025-12-08T13:59:32","slug":"kneipp-naturkosmetik-40-g-farbzauber-drache","status":"publish","type":"product","link":"https:\/\/www.ernstbrunn-apotheke.at\/katalog\/produkt\/kneipp-naturkosmetik-40-g-farbzauber-drache\/","title":{"rendered":"Kneipp Naturkosmetik 40 g Farbzauber Drache"},"content":{"rendered":"<p>Ab in die Wanne mit dem Kneipp\u00ae naturkind Drachenkraft Farbzauberbad! Das Bad mit drachenstarkem Duft durchw\u00e4rmt kleine Helden. Nat\u00fcrlicher Drachenfruchtextrakt verleiht ihnen nach asiatischer Vorstellung die Kraft eines Drachen, wertvoller Zaubernussextrakt pflegt zarte Kinderhaut und nat\u00fcrliches Jojoba\u00f6l sch\u00fctzt sie vor dem Austrocknen.<\/p>\n","protected":false},"excerpt":{"rendered":"<p>Ab in die Wanne mit dem Kneipp\u00ae naturkind Drachenkraft Farbzauberbad! Das Bad mit drachenstarkem Duft durchw\u00e4rmt kleine Helden. Nat\u00fcrlicher Drachenfruchtextrakt verleiht ihnen nach asiatischer Vorstellung die Kraft eines Drachen, wertvoller Zaubernussextrakt pflegt zarte Kinderhaut und nat\u00fcrliches Jojoba\u00f6l sch\u00fctzt sie vor dem Austrocknen.<\/p>\n","protected":false},"featured_media":28025,"template":"","meta":{"_acf_changed":false},"product_brand":[662],"product_cat":[807],"product_tag":[],"class_list":{"0":"post-28023","1":"product","2":"type-product","3":"status-publish","4":"has-post-thumbnail","6":"product_brand-kneipp","7":"product_cat-k","8":"pa_packungsgroesse-40ml","10":"first","11":"instock","12":"shipping-taxable","13":"purchasable","14":"product-type-simple"},"acf":[],"_links":{"self":[{"href":"https:\/\/www.ernstbrunn-apotheke.at\/katalog\/wp-json\/wp\/v2\/product\/28023","targetHints":{"allow":["GET"]}}],"collection":[{"href":"https:\/\/www.ernstbrunn-apotheke.at\/katalog\/wp-json\/wp\/v2\/product"}],"about":[{"href":"https:\/\/www.ernstbrunn-apotheke.at\/katalog\/wp-json\/wp\/v2\/types\/product"}],"wp:featuredmedia":[{"embeddable":true,"href":"https:\/\/www.ernstbrunn-apotheke.at\/katalog\/wp-json\/wp\/v2\/media\/28025"}],"wp:attachment":[{"href":"https:\/\/www.ernstbrunn-apotheke.at\/katalog\/wp-json\/wp\/v2\/media?parent=28023"}],"wp:term":[{"taxonomy":"product_brand","embeddable":true,"href":"https:\/\/www.ernstbrunn-apotheke.at\/katalog\/wp-json\/wp\/v2\/product_brand?post=28023"},{"taxonomy":"product_cat","embeddable":true,"href":"https:\/\/www.ernstbrunn-apotheke.at\/katalog\/wp-json\/wp\/v2\/product_cat?post=28023"},{"taxonomy":"product_tag","embeddable":true,"href":"https:\/\/www.ernstbrunn-apotheke.at\/katalog\/wp-json\/wp\/v2\/product_tag?post=28023"}],"curies":[{"name":"wp","href":"https:\/\/api.w.org\/{rel}","templated":true}]}}