{"id":28009,"date":"2025-11-07T23:54:44","date_gmt":"2025-11-07T22:54:44","guid":{"rendered":"https:\/\/www.ernstbrunn-apotheke.at\/katalog\/produkt\/kneipp-naturkosmetik-40-g-farbzauber-traum\/"},"modified":"2025-12-08T14:59:26","modified_gmt":"2025-12-08T13:59:26","slug":"kneipp-naturkosmetik-40-g-farbzauber-traum","status":"publish","type":"product","link":"https:\/\/www.ernstbrunn-apotheke.at\/katalog\/produkt\/kneipp-naturkosmetik-40-g-farbzauber-traum\/","title":{"rendered":"Kneipp Naturkosmetik 40 g Farbzauber Traum"},"content":{"rendered":"<p>Ab in die Wanne mit dem Kneipp\u00ae naturkind Traumfahrer Farbzauberbad! Das Bad mit nat\u00fcrlichem Lavendel\u00f6l entspannt Kinder sanft f\u00fcr eine Gute Nacht. Wertvolles Nachtkerzen\u00f6l pflegt zarte Kinderhaut und sch\u00fctzt sie vor dem Austrocknen.<\/p>\n","protected":false},"excerpt":{"rendered":"<p>Ab in die Wanne mit dem Kneipp\u00ae naturkind Traumfahrer Farbzauberbad! Das Bad mit nat\u00fcrlichem Lavendel\u00f6l entspannt Kinder sanft f\u00fcr eine Gute Nacht. Wertvolles Nachtkerzen\u00f6l pflegt zarte Kinderhaut und sch\u00fctzt sie vor dem Austrocknen.<\/p>\n","protected":false},"featured_media":28011,"template":"","meta":{"_acf_changed":false},"product_brand":[662],"product_cat":[807],"product_tag":[],"class_list":{"0":"post-28009","1":"product","2":"type-product","3":"status-publish","4":"has-post-thumbnail","6":"product_brand-kneipp","7":"product_cat-k","8":"pa_packungsgroesse-40ml","10":"first","11":"instock","12":"shipping-taxable","13":"purchasable","14":"product-type-simple"},"acf":[],"_links":{"self":[{"href":"https:\/\/www.ernstbrunn-apotheke.at\/katalog\/wp-json\/wp\/v2\/product\/28009","targetHints":{"allow":["GET"]}}],"collection":[{"href":"https:\/\/www.ernstbrunn-apotheke.at\/katalog\/wp-json\/wp\/v2\/product"}],"about":[{"href":"https:\/\/www.ernstbrunn-apotheke.at\/katalog\/wp-json\/wp\/v2\/types\/product"}],"wp:featuredmedia":[{"embeddable":true,"href":"https:\/\/www.ernstbrunn-apotheke.at\/katalog\/wp-json\/wp\/v2\/media\/28011"}],"wp:attachment":[{"href":"https:\/\/www.ernstbrunn-apotheke.at\/katalog\/wp-json\/wp\/v2\/media?parent=28009"}],"wp:term":[{"taxonomy":"product_brand","embeddable":true,"href":"https:\/\/www.ernstbrunn-apotheke.at\/katalog\/wp-json\/wp\/v2\/product_brand?post=28009"},{"taxonomy":"product_cat","embeddable":true,"href":"https:\/\/www.ernstbrunn-apotheke.at\/katalog\/wp-json\/wp\/v2\/product_cat?post=28009"},{"taxonomy":"product_tag","embeddable":true,"href":"https:\/\/www.ernstbrunn-apotheke.at\/katalog\/wp-json\/wp\/v2\/product_tag?post=28009"}],"curies":[{"name":"wp","href":"https:\/\/api.w.org\/{rel}","templated":true}]}}