{"id":27983,"date":"2025-11-07T23:54:44","date_gmt":"2025-11-07T22:54:44","guid":{"rendered":"https:\/\/www.ernstbrunn-apotheke.at\/katalog\/produkt\/eubos-sensitive-pflege-duschoel-f-400-ml-nachfuellung\/"},"modified":"2025-12-08T14:59:19","modified_gmt":"2025-12-08T13:59:19","slug":"eubos-sensitive-pflege-duschoel-f-400-ml-nachfuellung","status":"publish","type":"product","link":"https:\/\/www.ernstbrunn-apotheke.at\/katalog\/produkt\/eubos-sensitive-pflege-duschoel-f-400-ml-nachfuellung\/","title":{"rendered":"Eubos Sensitive Pflege Dusch\u00f6l F 400 ml Nachf\u00fcllung"},"content":{"rendered":"<p>Eubos Sensitive Dusch\u00f6l F wirkt intensiv r\u00fcckfettend bei milder Reinigung. F\u00fcr sensible und besonders trockene Haut. Sch\u00fctzt die nat\u00fcrliche Biosph\u00e4re der Haut.<\/p>\n","protected":false},"excerpt":{"rendered":"<p>Eubos Sensitive Dusch\u00f6l F wirkt intensiv r\u00fcckfettend bei milder Reinigung. F\u00fcr sensible und besonders trockene Haut. Sch\u00fctzt die nat\u00fcrliche Biosph\u00e4re der Haut.<\/p>\n","protected":false},"featured_media":27985,"template":"","meta":{"_acf_changed":false},"product_brand":[694],"product_cat":[794],"product_tag":[],"class_list":{"0":"post-27983","1":"product","2":"type-product","3":"status-publish","4":"has-post-thumbnail","6":"product_brand-eubos","7":"product_cat-e","8":"pa_packungsgroesse-400ml","10":"first","11":"instock","12":"shipping-taxable","13":"purchasable","14":"product-type-simple"},"acf":[],"_links":{"self":[{"href":"https:\/\/www.ernstbrunn-apotheke.at\/katalog\/wp-json\/wp\/v2\/product\/27983","targetHints":{"allow":["GET"]}}],"collection":[{"href":"https:\/\/www.ernstbrunn-apotheke.at\/katalog\/wp-json\/wp\/v2\/product"}],"about":[{"href":"https:\/\/www.ernstbrunn-apotheke.at\/katalog\/wp-json\/wp\/v2\/types\/product"}],"wp:featuredmedia":[{"embeddable":true,"href":"https:\/\/www.ernstbrunn-apotheke.at\/katalog\/wp-json\/wp\/v2\/media\/27985"}],"wp:attachment":[{"href":"https:\/\/www.ernstbrunn-apotheke.at\/katalog\/wp-json\/wp\/v2\/media?parent=27983"}],"wp:term":[{"taxonomy":"product_brand","embeddable":true,"href":"https:\/\/www.ernstbrunn-apotheke.at\/katalog\/wp-json\/wp\/v2\/product_brand?post=27983"},{"taxonomy":"product_cat","embeddable":true,"href":"https:\/\/www.ernstbrunn-apotheke.at\/katalog\/wp-json\/wp\/v2\/product_cat?post=27983"},{"taxonomy":"product_tag","embeddable":true,"href":"https:\/\/www.ernstbrunn-apotheke.at\/katalog\/wp-json\/wp\/v2\/product_tag?post=27983"}],"curies":[{"name":"wp","href":"https:\/\/api.w.org\/{rel}","templated":true}]}}