{"id":27978,"date":"2025-11-07T23:54:44","date_gmt":"2025-11-07T22:54:44","guid":{"rendered":"https:\/\/www.ernstbrunn-apotheke.at\/katalog\/produkt\/eucerin-koerperpflegeoel-fuer-empfindliche-und-sensible-haut\/"},"modified":"2025-12-08T14:59:18","modified_gmt":"2025-12-08T13:59:18","slug":"eucerin-koerperpflegeoel-fuer-empfindliche-und-sensible-haut","status":"publish","type":"product","link":"https:\/\/www.ernstbrunn-apotheke.at\/katalog\/produkt\/eucerin-koerperpflegeoel-fuer-empfindliche-und-sensible-haut\/","title":{"rendered":"Eucerin K\u00f6rperpflege\u00f6l f\u00fcr empfindliche und sensible Haut"},"content":{"rendered":"<p>Eucerin K\u00f6rperpflege\u00f6l wurde speziell entwickelt f\u00fcr die Bed\u00fcrfnisse empfindlicher und sensibler Haut &#8211; auch w\u00e4hrend der Schwangerschaft. Es enth\u00e4lt Vitamin E und hochwertige Pflanzen\u00f6le, die reich an Linols\u00e4ure sind, einer unges\u00e4ttigten Fetts\u00e4ure, die insbesondere die Barrierefunktion der Haut st\u00e4rkt. Das \u00d6l ist leicht zu verteilen und zieht schnell ein. Regelm\u00e4\u00dfige Massagen stimulieren den Blutkreislauf tief in der Haut und erh\u00f6hen ihre Elastizit\u00e4t, Dehnungsstreifen werden reduziert.<\/p>\n","protected":false},"excerpt":{"rendered":"<p>Eucerin K\u00f6rperpflege\u00f6l wurde speziell entwickelt f\u00fcr die Bed\u00fcrfnisse empfindlicher und sensibler Haut &#8211; auch w\u00e4hrend der Schwangerschaft. Es enth\u00e4lt Vitamin E und hochwertige Pflanzen\u00f6le, die reich an Linols\u00e4ure sind, einer unges\u00e4ttigten Fetts\u00e4ure, die insbesondere die Barrierefunktion der Haut st\u00e4rkt. Das \u00d6l ist leicht zu verteilen und zieht schnell ein. Regelm\u00e4\u00dfige Massagen stimulieren den Blutkreislauf tief [&hellip;]<\/p>\n","protected":false},"featured_media":27980,"template":"","meta":{"_acf_changed":false},"product_brand":[334],"product_cat":[794],"product_tag":[],"class_list":{"0":"post-27978","1":"product","2":"type-product","3":"status-publish","4":"has-post-thumbnail","6":"product_brand-eucerin","7":"product_cat-e","8":"pa_packungsgroesse-125ml","10":"first","11":"instock","12":"shipping-taxable","13":"purchasable","14":"product-type-simple"},"acf":[],"_links":{"self":[{"href":"https:\/\/www.ernstbrunn-apotheke.at\/katalog\/wp-json\/wp\/v2\/product\/27978","targetHints":{"allow":["GET"]}}],"collection":[{"href":"https:\/\/www.ernstbrunn-apotheke.at\/katalog\/wp-json\/wp\/v2\/product"}],"about":[{"href":"https:\/\/www.ernstbrunn-apotheke.at\/katalog\/wp-json\/wp\/v2\/types\/product"}],"wp:featuredmedia":[{"embeddable":true,"href":"https:\/\/www.ernstbrunn-apotheke.at\/katalog\/wp-json\/wp\/v2\/media\/27980"}],"wp:attachment":[{"href":"https:\/\/www.ernstbrunn-apotheke.at\/katalog\/wp-json\/wp\/v2\/media?parent=27978"}],"wp:term":[{"taxonomy":"product_brand","embeddable":true,"href":"https:\/\/www.ernstbrunn-apotheke.at\/katalog\/wp-json\/wp\/v2\/product_brand?post=27978"},{"taxonomy":"product_cat","embeddable":true,"href":"https:\/\/www.ernstbrunn-apotheke.at\/katalog\/wp-json\/wp\/v2\/product_cat?post=27978"},{"taxonomy":"product_tag","embeddable":true,"href":"https:\/\/www.ernstbrunn-apotheke.at\/katalog\/wp-json\/wp\/v2\/product_tag?post=27978"}],"curies":[{"name":"wp","href":"https:\/\/api.w.org\/{rel}","templated":true}]}}