{"id":27967,"date":"2025-11-07T23:54:07","date_gmt":"2025-11-07T22:54:07","guid":{"rendered":"https:\/\/www.ernstbrunn-apotheke.at\/katalog\/produkt\/eucerin-ph5-koerpercreme-soft\/"},"modified":"2025-12-08T14:59:14","modified_gmt":"2025-12-08T13:59:14","slug":"eucerin-ph5-koerpercreme-soft","status":"publish","type":"product","link":"https:\/\/www.ernstbrunn-apotheke.at\/katalog\/produkt\/eucerin-ph5-koerpercreme-soft\/","title":{"rendered":"Eucerin pH5 K\u00f6rpercreme Soft"},"content":{"rendered":"<p>Eucerin pH5 K\u00f6rpercreme Soft wurde speziell f\u00fcr die Bed\u00fcrfnisse empfindlicher K\u00f6rperhaut entwickelt. Die Formel enth\u00e4lt 5 % Dexpanthenol, einen Wirkstoff, der die Hautregeneration anregt und die Schutzbarriere der Haut st\u00e4rkt. Die Creme macht die Haut elastischer und spendet ihr die t\u00e4glich intensive Feuchtigkeit, die sie braucht. Sie enth\u00e4lt weder Parabene noch Paraffine. Die leichte Formel zieht schnell ein und sorgt f\u00fcr eine zarte und geschmeidige Haut, ohne ein fettiges Hautgef\u00fchl zu hinterlassen. Sie hat einen leichten frischen Duft und ist in einem praktischen 450 ml Tigel f\u00fcr die Anwendung am gesamten K\u00f6rper geeignet. &#8211; alle Produkte von Eucerin mit hohem Rabatt bestellen!<\/p>\n","protected":false},"excerpt":{"rendered":"<p>Eucerin pH5 K\u00f6rpercreme Soft wurde speziell f\u00fcr die Bed\u00fcrfnisse empfindlicher K\u00f6rperhaut entwickelt. Die Formel enth\u00e4lt 5 % Dexpanthenol, einen Wirkstoff, der die Hautregeneration anregt und die Schutzbarriere der Haut st\u00e4rkt. Die Creme macht die Haut elastischer und spendet ihr die t\u00e4glich intensive Feuchtigkeit, die sie braucht. Sie enth\u00e4lt weder Parabene noch Paraffine. Die leichte Formel [&hellip;]<\/p>\n","protected":false},"featured_media":27969,"template":"","meta":{"_acf_changed":false},"product_brand":[334],"product_cat":[794],"product_tag":[],"class_list":{"0":"post-27967","1":"product","2":"type-product","3":"status-publish","4":"has-post-thumbnail","6":"product_brand-eucerin","7":"product_cat-e","8":"pa_packungsgroesse-450ml","10":"first","11":"instock","12":"shipping-taxable","13":"purchasable","14":"product-type-simple"},"acf":[],"_links":{"self":[{"href":"https:\/\/www.ernstbrunn-apotheke.at\/katalog\/wp-json\/wp\/v2\/product\/27967","targetHints":{"allow":["GET"]}}],"collection":[{"href":"https:\/\/www.ernstbrunn-apotheke.at\/katalog\/wp-json\/wp\/v2\/product"}],"about":[{"href":"https:\/\/www.ernstbrunn-apotheke.at\/katalog\/wp-json\/wp\/v2\/types\/product"}],"wp:featuredmedia":[{"embeddable":true,"href":"https:\/\/www.ernstbrunn-apotheke.at\/katalog\/wp-json\/wp\/v2\/media\/27969"}],"wp:attachment":[{"href":"https:\/\/www.ernstbrunn-apotheke.at\/katalog\/wp-json\/wp\/v2\/media?parent=27967"}],"wp:term":[{"taxonomy":"product_brand","embeddable":true,"href":"https:\/\/www.ernstbrunn-apotheke.at\/katalog\/wp-json\/wp\/v2\/product_brand?post=27967"},{"taxonomy":"product_cat","embeddable":true,"href":"https:\/\/www.ernstbrunn-apotheke.at\/katalog\/wp-json\/wp\/v2\/product_cat?post=27967"},{"taxonomy":"product_tag","embeddable":true,"href":"https:\/\/www.ernstbrunn-apotheke.at\/katalog\/wp-json\/wp\/v2\/product_tag?post=27967"}],"curies":[{"name":"wp","href":"https:\/\/api.w.org\/{rel}","templated":true}]}}