{"id":27924,"date":"2025-11-07T23:53:05","date_gmt":"2025-11-07T22:53:05","guid":{"rendered":"https:\/\/www.ernstbrunn-apotheke.at\/katalog\/produkt\/alpenkraeuter-emulsion-200-g\/"},"modified":"2025-12-08T14:59:01","modified_gmt":"2025-12-08T13:59:01","slug":"alpenkraeuter-emulsion-200-g","status":"publish","type":"product","link":"https:\/\/www.ernstbrunn-apotheke.at\/katalog\/produkt\/alpenkraeuter-emulsion-200-g\/","title":{"rendered":"Alpenkr\u00e4uter Emulsion 200 g"},"content":{"rendered":"<p>Alpenkr\u00e4uter Emulsion ist ein bew\u00e4hrtes Pflegemittel auf rein pflanzlicher Basis, das in keiner Hausapotheke fehlen sollte. Diese Pflegeemulsion kann universell f\u00fcr trockene und belastete Haut zum Einreiben verwendet werden. Sehr ergiebig &#8211; auch f\u00fcr gr\u00f6\u00dfere Hautpartien eine Wohltat. Dieses Produkt erhalten Sie in den Packungsgr\u00f6\u00dfen 100 g und 200 g.<\/p>\n","protected":false},"excerpt":{"rendered":"<p>Alpenkr\u00e4uter Emulsion ist ein bew\u00e4hrtes Pflegemittel auf rein pflanzlicher Basis, das in keiner Hausapotheke fehlen sollte. Diese Pflegeemulsion kann universell f\u00fcr trockene und belastete Haut zum Einreiben verwendet werden. Sehr ergiebig &#8211; auch f\u00fcr gr\u00f6\u00dfere Hautpartien eine Wohltat. Dieses Produkt erhalten Sie in den Packungsgr\u00f6\u00dfen 100 g und 200 g.<\/p>\n","protected":false},"featured_media":27926,"template":"","meta":{"_acf_changed":false},"product_brand":[],"product_cat":[801],"product_tag":[],"class_list":{"0":"post-27924","1":"product","2":"type-product","3":"status-publish","4":"has-post-thumbnail","6":"product_cat-a","7":"pa_packungsgroesse-1-stueck","9":"first","10":"instock","11":"shipping-taxable","12":"purchasable","13":"product-type-simple"},"acf":[],"_links":{"self":[{"href":"https:\/\/www.ernstbrunn-apotheke.at\/katalog\/wp-json\/wp\/v2\/product\/27924","targetHints":{"allow":["GET"]}}],"collection":[{"href":"https:\/\/www.ernstbrunn-apotheke.at\/katalog\/wp-json\/wp\/v2\/product"}],"about":[{"href":"https:\/\/www.ernstbrunn-apotheke.at\/katalog\/wp-json\/wp\/v2\/types\/product"}],"wp:featuredmedia":[{"embeddable":true,"href":"https:\/\/www.ernstbrunn-apotheke.at\/katalog\/wp-json\/wp\/v2\/media\/27926"}],"wp:attachment":[{"href":"https:\/\/www.ernstbrunn-apotheke.at\/katalog\/wp-json\/wp\/v2\/media?parent=27924"}],"wp:term":[{"taxonomy":"product_brand","embeddable":true,"href":"https:\/\/www.ernstbrunn-apotheke.at\/katalog\/wp-json\/wp\/v2\/product_brand?post=27924"},{"taxonomy":"product_cat","embeddable":true,"href":"https:\/\/www.ernstbrunn-apotheke.at\/katalog\/wp-json\/wp\/v2\/product_cat?post=27924"},{"taxonomy":"product_tag","embeddable":true,"href":"https:\/\/www.ernstbrunn-apotheke.at\/katalog\/wp-json\/wp\/v2\/product_tag?post=27924"}],"curies":[{"name":"wp","href":"https:\/\/api.w.org\/{rel}","templated":true}]}}