{"id":27921,"date":"2025-11-07T23:53:05","date_gmt":"2025-11-07T22:53:05","guid":{"rendered":"https:\/\/www.ernstbrunn-apotheke.at\/katalog\/produkt\/preval-sapo-duschgel-fuer-trockene-haut-500-ml\/"},"modified":"2025-12-08T14:59:00","modified_gmt":"2025-12-08T13:59:00","slug":"preval-sapo-duschgel-fuer-trockene-haut-500-ml","status":"publish","type":"product","link":"https:\/\/www.ernstbrunn-apotheke.at\/katalog\/produkt\/preval-sapo-duschgel-fuer-trockene-haut-500-ml\/","title":{"rendered":"Preval Sapo Duschgel f\u00fcr trockene Haut 500 ml"},"content":{"rendered":"<p>Bei der t\u00e4glichen K\u00f6rperpflege kommt trockene und empfindliche Haut am besten mit besonders milden Produkten klar. Ein r\u00fcckfettendes Duschgel schont die Haut beim Reinigen und vermeidet Spannungsgef\u00fchle oder Juckreiz nach dem Duschen. preval SAPO enth\u00e4lt wertvolles Jojoba-\u00d6l, das die nat\u00fcrliche Barrierefunktion der Haut sch\u00fctzt und f\u00fcr eine ausreichende R\u00fcckfettung sorgt. Es hinterl\u00e4sst keinen Fettfilm und ist sehr vertr\u00e4glich.Zur t\u00e4glichen Reinigung eine kleine Menge preval SAPO auf die angefeuchtete Haut geben, einsch\u00e4umen und mit Wasser abduschen. preval SAPO ist ein r\u00fcckfettendes Duschgel, kann aber auch als Badezusatz oder zur schonenden Handw\u00e4sche verwendet werden..<\/p>\n","protected":false},"excerpt":{"rendered":"<p>Bei der t\u00e4glichen K\u00f6rperpflege kommt trockene und empfindliche Haut am besten mit besonders milden Produkten klar. Ein r\u00fcckfettendes Duschgel schont die Haut beim Reinigen und vermeidet Spannungsgef\u00fchle oder Juckreiz nach dem Duschen. preval SAPO enth\u00e4lt wertvolles Jojoba-\u00d6l, das die nat\u00fcrliche Barrierefunktion der Haut sch\u00fctzt und f\u00fcr eine ausreichende R\u00fcckfettung sorgt. Es hinterl\u00e4sst keinen Fettfilm und [&hellip;]<\/p>\n","protected":false},"featured_media":27923,"template":"","meta":{"_acf_changed":false},"product_brand":[],"product_cat":[793],"product_tag":[],"class_list":{"0":"post-27921","1":"product","2":"type-product","3":"status-publish","4":"has-post-thumbnail","6":"product_cat-p","7":"pa_farbe-transparent","8":"pa_geschmack-neutral","9":"pa_packungsgroesse-200ml","10":"pa_packungsgroesse-500ml","12":"first","13":"instock","14":"shipping-taxable","15":"purchasable","16":"product-type-simple"},"acf":[],"_links":{"self":[{"href":"https:\/\/www.ernstbrunn-apotheke.at\/katalog\/wp-json\/wp\/v2\/product\/27921","targetHints":{"allow":["GET"]}}],"collection":[{"href":"https:\/\/www.ernstbrunn-apotheke.at\/katalog\/wp-json\/wp\/v2\/product"}],"about":[{"href":"https:\/\/www.ernstbrunn-apotheke.at\/katalog\/wp-json\/wp\/v2\/types\/product"}],"wp:featuredmedia":[{"embeddable":true,"href":"https:\/\/www.ernstbrunn-apotheke.at\/katalog\/wp-json\/wp\/v2\/media\/27923"}],"wp:attachment":[{"href":"https:\/\/www.ernstbrunn-apotheke.at\/katalog\/wp-json\/wp\/v2\/media?parent=27921"}],"wp:term":[{"taxonomy":"product_brand","embeddable":true,"href":"https:\/\/www.ernstbrunn-apotheke.at\/katalog\/wp-json\/wp\/v2\/product_brand?post=27921"},{"taxonomy":"product_cat","embeddable":true,"href":"https:\/\/www.ernstbrunn-apotheke.at\/katalog\/wp-json\/wp\/v2\/product_cat?post=27921"},{"taxonomy":"product_tag","embeddable":true,"href":"https:\/\/www.ernstbrunn-apotheke.at\/katalog\/wp-json\/wp\/v2\/product_tag?post=27921"}],"curies":[{"name":"wp","href":"https:\/\/api.w.org\/{rel}","templated":true}]}}