{"id":27873,"date":"2025-11-07T23:53:05","date_gmt":"2025-11-07T22:53:05","guid":{"rendered":"https:\/\/www.ernstbrunn-apotheke.at\/katalog\/produkt\/viva-skin-oelbad-500-ml\/"},"modified":"2025-12-08T14:58:50","modified_gmt":"2025-12-08T13:58:50","slug":"viva-skin-oelbad-500-ml","status":"publish","type":"product","link":"https:\/\/www.ernstbrunn-apotheke.at\/katalog\/produkt\/viva-skin-oelbad-500-ml\/","title":{"rendered":"Viva Skin \u00d6lbad 500 ml"},"content":{"rendered":"<p>Viva Skin \u00d6lbad ist ein spreitendes \u00d6lbad. Das hei\u00dft, die darin enthaltenen \u00d6le werden von der Haut w\u00e4hrend des Badens aufgenommen. Es enth\u00e4lt Meadowfoam\u00f6l, welches den transepidermalen Wasserverlust weitaus st\u00e4rker herabsetzt als andere pflanzliche \u00d6le. F\u00fcr die milde und besonders schonende Reinigung von zarter und empfindlicher Haut. Es pflegt und beruhigt die Haut und sch\u00fctzt vor dem Austrocknen.<\/p>\n","protected":false},"excerpt":{"rendered":"<p>Viva Skin \u00d6lbad ist ein spreitendes \u00d6lbad. Das hei\u00dft, die darin enthaltenen \u00d6le werden von der Haut w\u00e4hrend des Badens aufgenommen. Es enth\u00e4lt Meadowfoam\u00f6l, welches den transepidermalen Wasserverlust weitaus st\u00e4rker herabsetzt als andere pflanzliche \u00d6le. F\u00fcr die milde und besonders schonende Reinigung von zarter und empfindlicher Haut. Es pflegt und beruhigt die Haut und sch\u00fctzt [&hellip;]<\/p>\n","protected":false},"featured_media":27875,"template":"","meta":{"_acf_changed":false},"product_brand":[],"product_cat":[799],"product_tag":[],"class_list":{"0":"post-27873","1":"product","2":"type-product","3":"status-publish","4":"has-post-thumbnail","6":"product_cat-v","7":"pa_packungsgroesse-500ml","9":"first","10":"instock","11":"shipping-taxable","12":"purchasable","13":"product-type-simple"},"acf":[],"_links":{"self":[{"href":"https:\/\/www.ernstbrunn-apotheke.at\/katalog\/wp-json\/wp\/v2\/product\/27873","targetHints":{"allow":["GET"]}}],"collection":[{"href":"https:\/\/www.ernstbrunn-apotheke.at\/katalog\/wp-json\/wp\/v2\/product"}],"about":[{"href":"https:\/\/www.ernstbrunn-apotheke.at\/katalog\/wp-json\/wp\/v2\/types\/product"}],"wp:featuredmedia":[{"embeddable":true,"href":"https:\/\/www.ernstbrunn-apotheke.at\/katalog\/wp-json\/wp\/v2\/media\/27875"}],"wp:attachment":[{"href":"https:\/\/www.ernstbrunn-apotheke.at\/katalog\/wp-json\/wp\/v2\/media?parent=27873"}],"wp:term":[{"taxonomy":"product_brand","embeddable":true,"href":"https:\/\/www.ernstbrunn-apotheke.at\/katalog\/wp-json\/wp\/v2\/product_brand?post=27873"},{"taxonomy":"product_cat","embeddable":true,"href":"https:\/\/www.ernstbrunn-apotheke.at\/katalog\/wp-json\/wp\/v2\/product_cat?post=27873"},{"taxonomy":"product_tag","embeddable":true,"href":"https:\/\/www.ernstbrunn-apotheke.at\/katalog\/wp-json\/wp\/v2\/product_tag?post=27873"}],"curies":[{"name":"wp","href":"https:\/\/api.w.org\/{rel}","templated":true}]}}