{"id":27856,"date":"2025-11-07T23:51:46","date_gmt":"2025-11-07T22:51:46","guid":{"rendered":"https:\/\/www.ernstbrunn-apotheke.at\/katalog\/produkt\/la-roche-lipikar-lotion-fuer-trockene-haut-200ml\/"},"modified":"2025-12-08T14:58:44","modified_gmt":"2025-12-08T13:58:44","slug":"la-roche-lipikar-lotion-fuer-trockene-haut-200ml","status":"publish","type":"product","link":"https:\/\/www.ernstbrunn-apotheke.at\/katalog\/produkt\/la-roche-lipikar-lotion-fuer-trockene-haut-200ml\/","title":{"rendered":"La Roche LIPIKAR LOTION f\u00fcr trockene Haut &#8211; 200ml"},"content":{"rendered":"<p>La Roche Lipikar Lotion 200 ml ist eine ideale, sch\u00fctzende K\u00f6rperpflege f\u00fcr die ganze Familie. Empfindliche und trockene Haut wird vor dem Austrocknen gesch\u00fctzt. Die Pflege ist ideal f\u00fcr empfindliche Haut<\/p>\n","protected":false},"excerpt":{"rendered":"<p>La Roche Lipikar Lotion 200 ml ist eine ideale, sch\u00fctzende K\u00f6rperpflege f\u00fcr die ganze Familie. Empfindliche und trockene Haut wird vor dem Austrocknen gesch\u00fctzt. Die Pflege ist ideal f\u00fcr empfindliche Haut<\/p>\n","protected":false},"featured_media":27858,"template":"","meta":{"_acf_changed":false},"product_brand":[677],"product_cat":[795],"product_tag":[],"class_list":{"0":"post-27856","1":"product","2":"type-product","3":"status-publish","4":"has-post-thumbnail","6":"product_brand-la-roche-posay","7":"product_cat-l","8":"pa_packungsgroesse-200ml","10":"first","11":"instock","12":"shipping-taxable","13":"purchasable","14":"product-type-simple"},"acf":[],"_links":{"self":[{"href":"https:\/\/www.ernstbrunn-apotheke.at\/katalog\/wp-json\/wp\/v2\/product\/27856","targetHints":{"allow":["GET"]}}],"collection":[{"href":"https:\/\/www.ernstbrunn-apotheke.at\/katalog\/wp-json\/wp\/v2\/product"}],"about":[{"href":"https:\/\/www.ernstbrunn-apotheke.at\/katalog\/wp-json\/wp\/v2\/types\/product"}],"wp:featuredmedia":[{"embeddable":true,"href":"https:\/\/www.ernstbrunn-apotheke.at\/katalog\/wp-json\/wp\/v2\/media\/27858"}],"wp:attachment":[{"href":"https:\/\/www.ernstbrunn-apotheke.at\/katalog\/wp-json\/wp\/v2\/media?parent=27856"}],"wp:term":[{"taxonomy":"product_brand","embeddable":true,"href":"https:\/\/www.ernstbrunn-apotheke.at\/katalog\/wp-json\/wp\/v2\/product_brand?post=27856"},{"taxonomy":"product_cat","embeddable":true,"href":"https:\/\/www.ernstbrunn-apotheke.at\/katalog\/wp-json\/wp\/v2\/product_cat?post=27856"},{"taxonomy":"product_tag","embeddable":true,"href":"https:\/\/www.ernstbrunn-apotheke.at\/katalog\/wp-json\/wp\/v2\/product_tag?post=27856"}],"curies":[{"name":"wp","href":"https:\/\/api.w.org\/{rel}","templated":true}]}}