{"id":27787,"date":"2025-11-07T23:51:18","date_gmt":"2025-11-07T22:51:18","guid":{"rendered":"https:\/\/www.ernstbrunn-apotheke.at\/katalog\/produkt\/dermasel-spa-totes-meer-dusche-150-ml-rosenzauber\/"},"modified":"2025-12-08T14:58:25","modified_gmt":"2025-12-08T13:58:25","slug":"dermasel-spa-totes-meer-dusche-150-ml-rosenzauber","status":"publish","type":"product","link":"https:\/\/www.ernstbrunn-apotheke.at\/katalog\/produkt\/dermasel-spa-totes-meer-dusche-150-ml-rosenzauber\/","title":{"rendered":"Dermasel spa Totes Meer Dusche 150 ml Rosenzauber"},"content":{"rendered":"<p>Dermasel spa Totes Meer Dusche ist DIE K\u00f6rperpflege f\u00fcr geschmeidige, samtweiche Haut. Dieses Produkt verw\u00f6hnt mit gl\u00e4ttenden Sch\u00f6nheitsmineralien aus dem Toten Meer und au\u00dfergew\u00f6hnlichen Inhaltsstoffen.<\/p>\n","protected":false},"excerpt":{"rendered":"<p>Dermasel spa Totes Meer Dusche ist DIE K\u00f6rperpflege f\u00fcr geschmeidige, samtweiche Haut. Dieses Produkt verw\u00f6hnt mit gl\u00e4ttenden Sch\u00f6nheitsmineralien aus dem Toten Meer und au\u00dfergew\u00f6hnlichen Inhaltsstoffen.<\/p>\n","protected":false},"featured_media":27789,"template":"","meta":{"_acf_changed":false},"product_brand":[684],"product_cat":[792],"product_tag":[],"class_list":{"0":"post-27787","1":"product","2":"type-product","3":"status-publish","4":"has-post-thumbnail","6":"product_brand-dermasel","7":"product_cat-d","8":"pa_packungsgroesse-150ml","10":"first","11":"instock","12":"shipping-taxable","13":"purchasable","14":"product-type-simple"},"acf":[],"_links":{"self":[{"href":"https:\/\/www.ernstbrunn-apotheke.at\/katalog\/wp-json\/wp\/v2\/product\/27787","targetHints":{"allow":["GET"]}}],"collection":[{"href":"https:\/\/www.ernstbrunn-apotheke.at\/katalog\/wp-json\/wp\/v2\/product"}],"about":[{"href":"https:\/\/www.ernstbrunn-apotheke.at\/katalog\/wp-json\/wp\/v2\/types\/product"}],"wp:featuredmedia":[{"embeddable":true,"href":"https:\/\/www.ernstbrunn-apotheke.at\/katalog\/wp-json\/wp\/v2\/media\/27789"}],"wp:attachment":[{"href":"https:\/\/www.ernstbrunn-apotheke.at\/katalog\/wp-json\/wp\/v2\/media?parent=27787"}],"wp:term":[{"taxonomy":"product_brand","embeddable":true,"href":"https:\/\/www.ernstbrunn-apotheke.at\/katalog\/wp-json\/wp\/v2\/product_brand?post=27787"},{"taxonomy":"product_cat","embeddable":true,"href":"https:\/\/www.ernstbrunn-apotheke.at\/katalog\/wp-json\/wp\/v2\/product_cat?post=27787"},{"taxonomy":"product_tag","embeddable":true,"href":"https:\/\/www.ernstbrunn-apotheke.at\/katalog\/wp-json\/wp\/v2\/product_tag?post=27787"}],"curies":[{"name":"wp","href":"https:\/\/api.w.org\/{rel}","templated":true}]}}