{"id":27780,"date":"2025-11-07T23:51:18","date_gmt":"2025-11-07T22:51:18","guid":{"rendered":"https:\/\/www.ernstbrunn-apotheke.at\/katalog\/produkt\/dermasel-exklusiv-totes-meer-badesalz-goldrausch-400-ml\/"},"modified":"2025-12-08T14:58:21","modified_gmt":"2025-12-08T13:58:21","slug":"dermasel-exklusiv-totes-meer-badesalz-goldrausch-400-ml","status":"publish","type":"product","link":"https:\/\/www.ernstbrunn-apotheke.at\/katalog\/produkt\/dermasel-exklusiv-totes-meer-badesalz-goldrausch-400-ml\/","title":{"rendered":"Dermasel exklusiv Totes Meer Badesalz Goldrausch 400 ml"},"content":{"rendered":"<p>Dermasel exklusiv Totes Meer Badesalz verw\u00f6hnt Ihren K\u00f6rper mit der Kombination aus luxuri\u00f6sen Inhaltsstoffen, modernsten Wirkkomponenten und dem exklusiven Toten Meer Mineralkonzentrat. Diese Kombination schafft die perfekte Synergie aus regenerierender Pflege und Lifestyle. F\u00fcr eine atemberaubend sch\u00f6ne Haut.<\/p>\n","protected":false},"excerpt":{"rendered":"<p>Dermasel exklusiv Totes Meer Badesalz verw\u00f6hnt Ihren K\u00f6rper mit der Kombination aus luxuri\u00f6sen Inhaltsstoffen, modernsten Wirkkomponenten und dem exklusiven Toten Meer Mineralkonzentrat. Diese Kombination schafft die perfekte Synergie aus regenerierender Pflege und Lifestyle. F\u00fcr eine atemberaubend sch\u00f6ne Haut.<\/p>\n","protected":false},"featured_media":27782,"template":"","meta":{"_acf_changed":false},"product_brand":[684],"product_cat":[792],"product_tag":[],"class_list":{"0":"post-27780","1":"product","2":"type-product","3":"status-publish","4":"has-post-thumbnail","6":"product_brand-dermasel","7":"product_cat-d","8":"pa_packungsgroesse-400g","10":"first","11":"instock","12":"shipping-taxable","13":"purchasable","14":"product-type-simple"},"acf":[],"_links":{"self":[{"href":"https:\/\/www.ernstbrunn-apotheke.at\/katalog\/wp-json\/wp\/v2\/product\/27780","targetHints":{"allow":["GET"]}}],"collection":[{"href":"https:\/\/www.ernstbrunn-apotheke.at\/katalog\/wp-json\/wp\/v2\/product"}],"about":[{"href":"https:\/\/www.ernstbrunn-apotheke.at\/katalog\/wp-json\/wp\/v2\/types\/product"}],"wp:featuredmedia":[{"embeddable":true,"href":"https:\/\/www.ernstbrunn-apotheke.at\/katalog\/wp-json\/wp\/v2\/media\/27782"}],"wp:attachment":[{"href":"https:\/\/www.ernstbrunn-apotheke.at\/katalog\/wp-json\/wp\/v2\/media?parent=27780"}],"wp:term":[{"taxonomy":"product_brand","embeddable":true,"href":"https:\/\/www.ernstbrunn-apotheke.at\/katalog\/wp-json\/wp\/v2\/product_brand?post=27780"},{"taxonomy":"product_cat","embeddable":true,"href":"https:\/\/www.ernstbrunn-apotheke.at\/katalog\/wp-json\/wp\/v2\/product_cat?post=27780"},{"taxonomy":"product_tag","embeddable":true,"href":"https:\/\/www.ernstbrunn-apotheke.at\/katalog\/wp-json\/wp\/v2\/product_tag?post=27780"}],"curies":[{"name":"wp","href":"https:\/\/api.w.org\/{rel}","templated":true}]}}