{"id":27772,"date":"2025-11-07T23:51:18","date_gmt":"2025-11-07T22:51:18","guid":{"rendered":"https:\/\/www.ernstbrunn-apotheke.at\/katalog\/produkt\/excipial-u-hydrolotion-200-ml\/"},"modified":"2025-12-08T14:58:16","modified_gmt":"2025-12-08T13:58:16","slug":"excipial-u-hydrolotion-200-ml","status":"publish","type":"product","link":"https:\/\/www.ernstbrunn-apotheke.at\/katalog\/produkt\/excipial-u-hydrolotion-200-ml\/","title":{"rendered":"Excipial U Hydrolotion 200 ml"},"content":{"rendered":"<p>Excipial U Hydrolotion f\u00fcr beanspruchte Haut enth\u00e4lt 2% Urea, womit die Wasserbindungsf\u00e4higkeit der Hornschicht erh\u00f6ht wird. Dies st\u00e4rkt die Hautbarriere, macht sie geschmeidig und lindert au\u00dferdem Juckreiz<\/p>\n","protected":false},"excerpt":{"rendered":"<p>Excipial U Hydrolotion f\u00fcr beanspruchte Haut enth\u00e4lt 2% Urea, womit die Wasserbindungsf\u00e4higkeit der Hornschicht erh\u00f6ht wird. Dies st\u00e4rkt die Hautbarriere, macht sie geschmeidig und lindert au\u00dferdem Juckreiz<\/p>\n","protected":false},"featured_media":27774,"template":"","meta":{"_acf_changed":false},"product_brand":[780],"product_cat":[794],"product_tag":[],"class_list":{"0":"post-27772","1":"product","2":"type-product","3":"status-publish","4":"has-post-thumbnail","6":"product_brand-excipial","7":"product_cat-e","8":"pa_packungsgroesse-200ml","10":"first","11":"instock","12":"shipping-taxable","13":"purchasable","14":"product-type-simple"},"acf":[],"_links":{"self":[{"href":"https:\/\/www.ernstbrunn-apotheke.at\/katalog\/wp-json\/wp\/v2\/product\/27772","targetHints":{"allow":["GET"]}}],"collection":[{"href":"https:\/\/www.ernstbrunn-apotheke.at\/katalog\/wp-json\/wp\/v2\/product"}],"about":[{"href":"https:\/\/www.ernstbrunn-apotheke.at\/katalog\/wp-json\/wp\/v2\/types\/product"}],"wp:featuredmedia":[{"embeddable":true,"href":"https:\/\/www.ernstbrunn-apotheke.at\/katalog\/wp-json\/wp\/v2\/media\/27774"}],"wp:attachment":[{"href":"https:\/\/www.ernstbrunn-apotheke.at\/katalog\/wp-json\/wp\/v2\/media?parent=27772"}],"wp:term":[{"taxonomy":"product_brand","embeddable":true,"href":"https:\/\/www.ernstbrunn-apotheke.at\/katalog\/wp-json\/wp\/v2\/product_brand?post=27772"},{"taxonomy":"product_cat","embeddable":true,"href":"https:\/\/www.ernstbrunn-apotheke.at\/katalog\/wp-json\/wp\/v2\/product_cat?post=27772"},{"taxonomy":"product_tag","embeddable":true,"href":"https:\/\/www.ernstbrunn-apotheke.at\/katalog\/wp-json\/wp\/v2\/product_tag?post=27772"}],"curies":[{"name":"wp","href":"https:\/\/api.w.org\/{rel}","templated":true}]}}