{"id":27681,"date":"2025-11-07T23:49:40","date_gmt":"2025-11-07T22:49:40","guid":{"rendered":"https:\/\/www.ernstbrunn-apotheke.at\/katalog\/produkt\/louis-widmer-remederm-koerpercreme-unparfuemiert\/"},"modified":"2025-12-08T14:57:41","modified_gmt":"2025-12-08T13:57:41","slug":"louis-widmer-remederm-koerpercreme-unparfuemiert","status":"publish","type":"product","link":"https:\/\/www.ernstbrunn-apotheke.at\/katalog\/produkt\/louis-widmer-remederm-koerpercreme-unparfuemiert\/","title":{"rendered":"Louis Widmer Remederm K\u00f6rpercreme unparf\u00fcmiert"},"content":{"rendered":"<p>Louis Widmer Remederm K\u00f6rpercreme unparf\u00fcmiert wurde speziell f\u00fcr die trockene, gereizte und ger\u00f6tete Haut sowie die Altershaut entwickelt. Sie eignet sich hervorragend zur Vorbeugung und Nachbehandlung von Schwangerschaftsstreifen..<\/p>\n","protected":false},"excerpt":{"rendered":"<p>Louis Widmer Remederm K\u00f6rpercreme unparf\u00fcmiert wurde speziell f\u00fcr die trockene, gereizte und ger\u00f6tete Haut sowie die Altershaut entwickelt. Sie eignet sich hervorragend zur Vorbeugung und Nachbehandlung von Schwangerschaftsstreifen..<\/p>\n","protected":false},"featured_media":27683,"template":"","meta":{"_acf_changed":false},"product_brand":[676],"product_cat":[795],"product_tag":[],"class_list":{"0":"post-27681","1":"product","2":"type-product","3":"status-publish","4":"has-post-thumbnail","6":"product_brand-louis-widmer","7":"product_cat-l","8":"pa_packungsgroesse-250ml","10":"first","11":"instock","12":"shipping-taxable","13":"purchasable","14":"product-type-simple"},"acf":[],"_links":{"self":[{"href":"https:\/\/www.ernstbrunn-apotheke.at\/katalog\/wp-json\/wp\/v2\/product\/27681","targetHints":{"allow":["GET"]}}],"collection":[{"href":"https:\/\/www.ernstbrunn-apotheke.at\/katalog\/wp-json\/wp\/v2\/product"}],"about":[{"href":"https:\/\/www.ernstbrunn-apotheke.at\/katalog\/wp-json\/wp\/v2\/types\/product"}],"wp:featuredmedia":[{"embeddable":true,"href":"https:\/\/www.ernstbrunn-apotheke.at\/katalog\/wp-json\/wp\/v2\/media\/27683"}],"wp:attachment":[{"href":"https:\/\/www.ernstbrunn-apotheke.at\/katalog\/wp-json\/wp\/v2\/media?parent=27681"}],"wp:term":[{"taxonomy":"product_brand","embeddable":true,"href":"https:\/\/www.ernstbrunn-apotheke.at\/katalog\/wp-json\/wp\/v2\/product_brand?post=27681"},{"taxonomy":"product_cat","embeddable":true,"href":"https:\/\/www.ernstbrunn-apotheke.at\/katalog\/wp-json\/wp\/v2\/product_cat?post=27681"},{"taxonomy":"product_tag","embeddable":true,"href":"https:\/\/www.ernstbrunn-apotheke.at\/katalog\/wp-json\/wp\/v2\/product_tag?post=27681"}],"curies":[{"name":"wp","href":"https:\/\/api.w.org\/{rel}","templated":true}]}}