{"id":27666,"date":"2025-11-07T23:48:49","date_gmt":"2025-11-07T22:48:49","guid":{"rendered":"https:\/\/www.ernstbrunn-apotheke.at\/katalog\/produkt\/lasepton-med-care-koerper-lotion-lipid-450-ml\/"},"modified":"2025-12-08T14:57:33","modified_gmt":"2025-12-08T13:57:33","slug":"lasepton-med-care-koerper-lotion-lipid-450-ml","status":"publish","type":"product","link":"https:\/\/www.ernstbrunn-apotheke.at\/katalog\/produkt\/lasepton-med-care-koerper-lotion-lipid-450-ml\/","title":{"rendered":"Lasepton Med Care K\u00f6rper Lotion Lipid 450 ml"},"content":{"rendered":"<p>Lasepton\u00ae K\u00f6rper-Lotion Lipid versorgt die trockene, beanspruchte Haut mit wertvollen Lipiden. Die reichhaltige Pflege st\u00e4rkt den hauteigenen Schutzmantel und verhindert ein Austrocknen.Hochwertige nat\u00fcrliche und pflanzliche Stoffe wie Omega 3- &#038; 9-\u00d6le, Aloe Vera und Allantoin sowie Dexpanthenol, Lipide und Vitamin E bilden die Basis der Lasepton\u00ae K\u00f6rper-Lotion Lipid..<\/p>\n","protected":false},"excerpt":{"rendered":"<p>Lasepton\u00ae K\u00f6rper-Lotion Lipid versorgt die trockene, beanspruchte Haut mit wertvollen Lipiden. Die reichhaltige Pflege st\u00e4rkt den hauteigenen Schutzmantel und verhindert ein Austrocknen.Hochwertige nat\u00fcrliche und pflanzliche Stoffe wie Omega 3- &#038; 9-\u00d6le, Aloe Vera und Allantoin sowie Dexpanthenol, Lipide und Vitamin E bilden die Basis der Lasepton\u00ae K\u00f6rper-Lotion Lipid..<\/p>\n","protected":false},"featured_media":27668,"template":"","meta":{"_acf_changed":false},"product_brand":[740],"product_cat":[795],"product_tag":[],"class_list":{"0":"post-27666","1":"product","2":"type-product","3":"status-publish","4":"has-post-thumbnail","6":"product_brand-lasepton","7":"product_cat-l","8":"pa_packungsgroesse-450ml","10":"first","11":"instock","12":"shipping-taxable","13":"purchasable","14":"product-type-simple"},"acf":[],"_links":{"self":[{"href":"https:\/\/www.ernstbrunn-apotheke.at\/katalog\/wp-json\/wp\/v2\/product\/27666","targetHints":{"allow":["GET"]}}],"collection":[{"href":"https:\/\/www.ernstbrunn-apotheke.at\/katalog\/wp-json\/wp\/v2\/product"}],"about":[{"href":"https:\/\/www.ernstbrunn-apotheke.at\/katalog\/wp-json\/wp\/v2\/types\/product"}],"wp:featuredmedia":[{"embeddable":true,"href":"https:\/\/www.ernstbrunn-apotheke.at\/katalog\/wp-json\/wp\/v2\/media\/27668"}],"wp:attachment":[{"href":"https:\/\/www.ernstbrunn-apotheke.at\/katalog\/wp-json\/wp\/v2\/media?parent=27666"}],"wp:term":[{"taxonomy":"product_brand","embeddable":true,"href":"https:\/\/www.ernstbrunn-apotheke.at\/katalog\/wp-json\/wp\/v2\/product_brand?post=27666"},{"taxonomy":"product_cat","embeddable":true,"href":"https:\/\/www.ernstbrunn-apotheke.at\/katalog\/wp-json\/wp\/v2\/product_cat?post=27666"},{"taxonomy":"product_tag","embeddable":true,"href":"https:\/\/www.ernstbrunn-apotheke.at\/katalog\/wp-json\/wp\/v2\/product_tag?post=27666"}],"curies":[{"name":"wp","href":"https:\/\/api.w.org\/{rel}","templated":true}]}}