{"id":27603,"date":"2025-11-07T23:47:59","date_gmt":"2025-11-07T22:47:59","guid":{"rendered":"https:\/\/www.ernstbrunn-apotheke.at\/katalog\/produkt\/lasepton-med-puder-care-75-g\/"},"modified":"2025-12-08T14:57:17","modified_gmt":"2025-12-08T13:57:17","slug":"lasepton-med-puder-care-75-g","status":"publish","type":"product","link":"https:\/\/www.ernstbrunn-apotheke.at\/katalog\/produkt\/lasepton-med-puder-care-75-g\/","title":{"rendered":"Lasepton Med Puder Care 75 g"},"content":{"rendered":"<p>Lasepton\u00ae Puder bindet \u00fcbersch\u00fcssige Feuchtigkeit, pflegt und beruhigt die betroffene Haut. Ideal bei Juckreiz und Hautr\u00f6tungen. Das Puder unterst\u00fctzt dabei, Hautirritationen vorzubeugen und hat einen angenehm k\u00fchlenden Effekt auf die Haut.\u2013 jetzt mit Kauf auf Rechnung bestellen, 100% Zufriedenheitsgarantie!<\/p>\n","protected":false},"excerpt":{"rendered":"<p>Lasepton\u00ae Puder bindet \u00fcbersch\u00fcssige Feuchtigkeit, pflegt und beruhigt die betroffene Haut. Ideal bei Juckreiz und Hautr\u00f6tungen. Das Puder unterst\u00fctzt dabei, Hautirritationen vorzubeugen und hat einen angenehm k\u00fchlenden Effekt auf die Haut.\u2013 jetzt mit Kauf auf Rechnung bestellen, 100% Zufriedenheitsgarantie!<\/p>\n","protected":false},"featured_media":27605,"template":"","meta":{"_acf_changed":false},"product_brand":[740],"product_cat":[795],"product_tag":[],"class_list":{"0":"post-27603","1":"product","2":"type-product","3":"status-publish","4":"has-post-thumbnail","6":"product_brand-lasepton","7":"product_cat-l","8":"pa_packungsgroesse-75g","10":"first","11":"instock","12":"shipping-taxable","13":"purchasable","14":"product-type-simple"},"acf":[],"_links":{"self":[{"href":"https:\/\/www.ernstbrunn-apotheke.at\/katalog\/wp-json\/wp\/v2\/product\/27603","targetHints":{"allow":["GET"]}}],"collection":[{"href":"https:\/\/www.ernstbrunn-apotheke.at\/katalog\/wp-json\/wp\/v2\/product"}],"about":[{"href":"https:\/\/www.ernstbrunn-apotheke.at\/katalog\/wp-json\/wp\/v2\/types\/product"}],"wp:featuredmedia":[{"embeddable":true,"href":"https:\/\/www.ernstbrunn-apotheke.at\/katalog\/wp-json\/wp\/v2\/media\/27605"}],"wp:attachment":[{"href":"https:\/\/www.ernstbrunn-apotheke.at\/katalog\/wp-json\/wp\/v2\/media?parent=27603"}],"wp:term":[{"taxonomy":"product_brand","embeddable":true,"href":"https:\/\/www.ernstbrunn-apotheke.at\/katalog\/wp-json\/wp\/v2\/product_brand?post=27603"},{"taxonomy":"product_cat","embeddable":true,"href":"https:\/\/www.ernstbrunn-apotheke.at\/katalog\/wp-json\/wp\/v2\/product_cat?post=27603"},{"taxonomy":"product_tag","embeddable":true,"href":"https:\/\/www.ernstbrunn-apotheke.at\/katalog\/wp-json\/wp\/v2\/product_tag?post=27603"}],"curies":[{"name":"wp","href":"https:\/\/api.w.org\/{rel}","templated":true}]}}