{"id":27567,"date":"2025-11-07T23:47:59","date_gmt":"2025-11-07T22:47:59","guid":{"rendered":"https:\/\/www.ernstbrunn-apotheke.at\/katalog\/produkt\/la-roche-lipikar-lotion-fuer-trockene-haut\/"},"modified":"2025-12-08T14:57:07","modified_gmt":"2025-12-08T13:57:07","slug":"la-roche-lipikar-lotion-fuer-trockene-haut","status":"publish","type":"product","link":"https:\/\/www.ernstbrunn-apotheke.at\/katalog\/produkt\/la-roche-lipikar-lotion-fuer-trockene-haut\/","title":{"rendered":"La Roche LIPIKAR LOTION f\u00fcr trockene Haut"},"content":{"rendered":"<p>La Roche Posay Lipikar Lotion befreit die Haut von Spannungsgef\u00fchlen und wirkt hautberuhigend bei empfindlicher, trockener Haut. Die K\u00f6rpermilch f\u00fchrt der Haut Lipide zu, die sofort in die Haut eindringen, um die Hautbarriere lang anhaltend zu reparieren und zu kr\u00e4ftigen und sie so vor \u00e4u\u00dferen Belastungen zu sch\u00fctzen.<\/p>\n","protected":false},"excerpt":{"rendered":"<p>La Roche Posay Lipikar Lotion befreit die Haut von Spannungsgef\u00fchlen und wirkt hautberuhigend bei empfindlicher, trockener Haut. Die K\u00f6rpermilch f\u00fchrt der Haut Lipide zu, die sofort in die Haut eindringen, um die Hautbarriere lang anhaltend zu reparieren und zu kr\u00e4ftigen und sie so vor \u00e4u\u00dferen Belastungen zu sch\u00fctzen.<\/p>\n","protected":false},"featured_media":27569,"template":"","meta":{"_acf_changed":false},"product_brand":[677],"product_cat":[795],"product_tag":[],"class_list":{"0":"post-27567","1":"product","2":"type-product","3":"status-publish","4":"has-post-thumbnail","6":"product_brand-la-roche-posay","7":"product_cat-l","8":"pa_packungsgroesse-400ml","10":"first","11":"instock","12":"shipping-taxable","13":"purchasable","14":"product-type-simple"},"acf":[],"_links":{"self":[{"href":"https:\/\/www.ernstbrunn-apotheke.at\/katalog\/wp-json\/wp\/v2\/product\/27567","targetHints":{"allow":["GET"]}}],"collection":[{"href":"https:\/\/www.ernstbrunn-apotheke.at\/katalog\/wp-json\/wp\/v2\/product"}],"about":[{"href":"https:\/\/www.ernstbrunn-apotheke.at\/katalog\/wp-json\/wp\/v2\/types\/product"}],"wp:featuredmedia":[{"embeddable":true,"href":"https:\/\/www.ernstbrunn-apotheke.at\/katalog\/wp-json\/wp\/v2\/media\/27569"}],"wp:attachment":[{"href":"https:\/\/www.ernstbrunn-apotheke.at\/katalog\/wp-json\/wp\/v2\/media?parent=27567"}],"wp:term":[{"taxonomy":"product_brand","embeddable":true,"href":"https:\/\/www.ernstbrunn-apotheke.at\/katalog\/wp-json\/wp\/v2\/product_brand?post=27567"},{"taxonomy":"product_cat","embeddable":true,"href":"https:\/\/www.ernstbrunn-apotheke.at\/katalog\/wp-json\/wp\/v2\/product_cat?post=27567"},{"taxonomy":"product_tag","embeddable":true,"href":"https:\/\/www.ernstbrunn-apotheke.at\/katalog\/wp-json\/wp\/v2\/product_tag?post=27567"}],"curies":[{"name":"wp","href":"https:\/\/api.w.org\/{rel}","templated":true}]}}