{"id":27542,"date":"2025-11-07T23:47:20","date_gmt":"2025-11-07T22:47:20","guid":{"rendered":"https:\/\/www.ernstbrunn-apotheke.at\/katalog\/produkt\/louis-widmer-remederm-oelbad-250-ml\/"},"modified":"2025-12-08T14:56:58","modified_gmt":"2025-12-08T13:56:58","slug":"louis-widmer-remederm-oelbad-250-ml","status":"publish","type":"product","link":"https:\/\/www.ernstbrunn-apotheke.at\/katalog\/produkt\/louis-widmer-remederm-oelbad-250-ml\/","title":{"rendered":"Louis Widmer Remederm \u00d6lbad 250 ml"},"content":{"rendered":"<p>Das Remederm \u00d6lbad wurde speziell f\u00fcr die trockene, gereizte und ger\u00f6tete Haut sowie f\u00fcr die Altershaut entwickelt. Bei den verwendeten \u00d6len handelt es sich vorwiegend um reine Naturstoffe bzw.Pflanzen\u00f6le. Einzig das Vaselin\u00f6l, welches eine leichte Okklusion auf der Haut bewirkt, wird synthetisch hergestellt. Borretsch\u00f6l ist ein hochwertiges pflanzliches \u00d6l, welches einen hohen Anteil an Gamma-Linolens\u00e4ure enth\u00e4lt. Gamma-Linolens\u00e4ure gilt als sehr wirksam bei Hautproblemen. Das Remederm \u00d6lbad ist ein emulgierender Badezusatz. Die \u00d6le werden im Badewasser homogen verteilt. Die hochwertigen Fettstoffe werden der Haut somit \u00fcber das Badewasser angeboten.Leicht parf\u00fcmiert. Vegan..<\/p>\n","protected":false},"excerpt":{"rendered":"<p>Das Remederm \u00d6lbad wurde speziell f\u00fcr die trockene, gereizte und ger\u00f6tete Haut sowie f\u00fcr die Altershaut entwickelt. Bei den verwendeten \u00d6len handelt es sich vorwiegend um reine Naturstoffe bzw.Pflanzen\u00f6le. Einzig das Vaselin\u00f6l, welches eine leichte Okklusion auf der Haut bewirkt, wird synthetisch hergestellt. Borretsch\u00f6l ist ein hochwertiges pflanzliches \u00d6l, welches einen hohen Anteil an Gamma-Linolens\u00e4ure [&hellip;]<\/p>\n","protected":false},"featured_media":27544,"template":"","meta":{"_acf_changed":false},"product_brand":[676],"product_cat":[795],"product_tag":[],"class_list":{"0":"post-27542","1":"product","2":"type-product","3":"status-publish","4":"has-post-thumbnail","6":"product_brand-louis-widmer","7":"product_cat-l","8":"pa_packungsgroesse-250ml","10":"first","11":"instock","12":"shipping-taxable","13":"purchasable","14":"product-type-simple"},"acf":[],"_links":{"self":[{"href":"https:\/\/www.ernstbrunn-apotheke.at\/katalog\/wp-json\/wp\/v2\/product\/27542","targetHints":{"allow":["GET"]}}],"collection":[{"href":"https:\/\/www.ernstbrunn-apotheke.at\/katalog\/wp-json\/wp\/v2\/product"}],"about":[{"href":"https:\/\/www.ernstbrunn-apotheke.at\/katalog\/wp-json\/wp\/v2\/types\/product"}],"wp:featuredmedia":[{"embeddable":true,"href":"https:\/\/www.ernstbrunn-apotheke.at\/katalog\/wp-json\/wp\/v2\/media\/27544"}],"wp:attachment":[{"href":"https:\/\/www.ernstbrunn-apotheke.at\/katalog\/wp-json\/wp\/v2\/media?parent=27542"}],"wp:term":[{"taxonomy":"product_brand","embeddable":true,"href":"https:\/\/www.ernstbrunn-apotheke.at\/katalog\/wp-json\/wp\/v2\/product_brand?post=27542"},{"taxonomy":"product_cat","embeddable":true,"href":"https:\/\/www.ernstbrunn-apotheke.at\/katalog\/wp-json\/wp\/v2\/product_cat?post=27542"},{"taxonomy":"product_tag","embeddable":true,"href":"https:\/\/www.ernstbrunn-apotheke.at\/katalog\/wp-json\/wp\/v2\/product_tag?post=27542"}],"curies":[{"name":"wp","href":"https:\/\/api.w.org\/{rel}","templated":true}]}}