{"id":27504,"date":"2025-11-07T23:46:46","date_gmt":"2025-11-07T22:46:46","guid":{"rendered":"https:\/\/www.ernstbrunn-apotheke.at\/katalog\/produkt\/dermasel-med-totes-meer-badesalz-lavendel-400-g\/"},"modified":"2025-12-08T14:56:47","modified_gmt":"2025-12-08T13:56:47","slug":"dermasel-med-totes-meer-badesalz-lavendel-400-g","status":"publish","type":"product","link":"https:\/\/www.ernstbrunn-apotheke.at\/katalog\/produkt\/dermasel-med-totes-meer-badesalz-lavendel-400-g\/","title":{"rendered":"Dermasel med Totes Meer Badesalz  Lavendel 400 g"},"content":{"rendered":"<p>Dermasel med Totes Meer Badesalz nutzt die entspannende Wirkung von \u00e4therischem Lavendel\u00f6l, um auch in besonders stressigen Zeiten eine wohltuende Ruhe einkehren zu lassen. Zudem wird der K\u00f6rper mit diversen Salzen des Toten Meeres versorgt.<\/p>\n","protected":false},"excerpt":{"rendered":"<p>Dermasel med Totes Meer Badesalz nutzt die entspannende Wirkung von \u00e4therischem Lavendel\u00f6l, um auch in besonders stressigen Zeiten eine wohltuende Ruhe einkehren zu lassen. Zudem wird der K\u00f6rper mit diversen Salzen des Toten Meeres versorgt.<\/p>\n","protected":false},"featured_media":27506,"template":"","meta":{"_acf_changed":false},"product_brand":[684],"product_cat":[792],"product_tag":[],"class_list":{"0":"post-27504","1":"product","2":"type-product","3":"status-publish","4":"has-post-thumbnail","6":"product_brand-dermasel","7":"product_cat-d","8":"pa_packungsgroesse-400g","10":"first","11":"instock","12":"shipping-taxable","13":"purchasable","14":"product-type-simple"},"acf":[],"_links":{"self":[{"href":"https:\/\/www.ernstbrunn-apotheke.at\/katalog\/wp-json\/wp\/v2\/product\/27504","targetHints":{"allow":["GET"]}}],"collection":[{"href":"https:\/\/www.ernstbrunn-apotheke.at\/katalog\/wp-json\/wp\/v2\/product"}],"about":[{"href":"https:\/\/www.ernstbrunn-apotheke.at\/katalog\/wp-json\/wp\/v2\/types\/product"}],"wp:featuredmedia":[{"embeddable":true,"href":"https:\/\/www.ernstbrunn-apotheke.at\/katalog\/wp-json\/wp\/v2\/media\/27506"}],"wp:attachment":[{"href":"https:\/\/www.ernstbrunn-apotheke.at\/katalog\/wp-json\/wp\/v2\/media?parent=27504"}],"wp:term":[{"taxonomy":"product_brand","embeddable":true,"href":"https:\/\/www.ernstbrunn-apotheke.at\/katalog\/wp-json\/wp\/v2\/product_brand?post=27504"},{"taxonomy":"product_cat","embeddable":true,"href":"https:\/\/www.ernstbrunn-apotheke.at\/katalog\/wp-json\/wp\/v2\/product_cat?post=27504"},{"taxonomy":"product_tag","embeddable":true,"href":"https:\/\/www.ernstbrunn-apotheke.at\/katalog\/wp-json\/wp\/v2\/product_tag?post=27504"}],"curies":[{"name":"wp","href":"https:\/\/api.w.org\/{rel}","templated":true}]}}