{"id":27500,"date":"2025-11-07T23:46:46","date_gmt":"2025-11-07T22:46:46","guid":{"rendered":"https:\/\/www.ernstbrunn-apotheke.at\/katalog\/produkt\/eubos-waschstueck-125-g-rot\/"},"modified":"2025-12-08T14:56:46","modified_gmt":"2025-12-08T13:56:46","slug":"eubos-waschstueck-125-g-rot","status":"publish","type":"product","link":"https:\/\/www.ernstbrunn-apotheke.at\/katalog\/produkt\/eubos-waschstueck-125-g-rot\/","title":{"rendered":"Eubos Waschst\u00fcck 125 g Rot"},"content":{"rendered":"<p>Eubos Fest Waschst\u00fcck ist ein seifenfreies Waschst\u00fcck (Syndet) zur t\u00e4glichen, medizinisch schonenden K\u00f6rperreinigung f\u00fcr Mischhaut und unreine Haut.<\/p>\n","protected":false},"excerpt":{"rendered":"<p>Eubos Fest Waschst\u00fcck ist ein seifenfreies Waschst\u00fcck (Syndet) zur t\u00e4glichen, medizinisch schonenden K\u00f6rperreinigung f\u00fcr Mischhaut und unreine Haut.<\/p>\n","protected":false},"featured_media":27502,"template":"","meta":{"_acf_changed":false},"product_brand":[694],"product_cat":[794],"product_tag":[],"class_list":{"0":"post-27500","1":"product","2":"type-product","3":"status-publish","4":"has-post-thumbnail","6":"product_brand-eubos","7":"product_cat-e","8":"pa_farbe-rot","9":"pa_packungsgroesse-125g","11":"first","12":"instock","13":"shipping-taxable","14":"purchasable","15":"product-type-simple"},"acf":[],"_links":{"self":[{"href":"https:\/\/www.ernstbrunn-apotheke.at\/katalog\/wp-json\/wp\/v2\/product\/27500","targetHints":{"allow":["GET"]}}],"collection":[{"href":"https:\/\/www.ernstbrunn-apotheke.at\/katalog\/wp-json\/wp\/v2\/product"}],"about":[{"href":"https:\/\/www.ernstbrunn-apotheke.at\/katalog\/wp-json\/wp\/v2\/types\/product"}],"wp:featuredmedia":[{"embeddable":true,"href":"https:\/\/www.ernstbrunn-apotheke.at\/katalog\/wp-json\/wp\/v2\/media\/27502"}],"wp:attachment":[{"href":"https:\/\/www.ernstbrunn-apotheke.at\/katalog\/wp-json\/wp\/v2\/media?parent=27500"}],"wp:term":[{"taxonomy":"product_brand","embeddable":true,"href":"https:\/\/www.ernstbrunn-apotheke.at\/katalog\/wp-json\/wp\/v2\/product_brand?post=27500"},{"taxonomy":"product_cat","embeddable":true,"href":"https:\/\/www.ernstbrunn-apotheke.at\/katalog\/wp-json\/wp\/v2\/product_cat?post=27500"},{"taxonomy":"product_tag","embeddable":true,"href":"https:\/\/www.ernstbrunn-apotheke.at\/katalog\/wp-json\/wp\/v2\/product_tag?post=27500"}],"curies":[{"name":"wp","href":"https:\/\/api.w.org\/{rel}","templated":true}]}}