{"id":27496,"date":"2025-11-07T23:46:46","date_gmt":"2025-11-07T22:46:46","guid":{"rendered":"https:\/\/www.ernstbrunn-apotheke.at\/katalog\/produkt\/eucerin-atopicontrol-dusch-badeoel\/"},"modified":"2025-12-08T14:56:45","modified_gmt":"2025-12-08T13:56:45","slug":"eucerin-atopicontrol-dusch-badeoel","status":"publish","type":"product","link":"https:\/\/www.ernstbrunn-apotheke.at\/katalog\/produkt\/eucerin-atopicontrol-dusch-badeoel\/","title":{"rendered":"Eucerin ATOPICONTROL Dusch &#038; Bade\u00f6l"},"content":{"rendered":"<p>Eucerin AtopiControl Dusche \u00d6l reinigt und beruhigt atopische Haut sanft, lindert den Juckreiz und verhindert weiteres Austrocknen. Das \u00d6l wird beim t\u00e4glichen Duschen oder Baden auf die nasse Haut aufgetragen. Es ist geeignet f\u00fcr Erwachsene, Kinder und Babys.<\/p>\n","protected":false},"excerpt":{"rendered":"<p>Eucerin AtopiControl Dusche \u00d6l reinigt und beruhigt atopische Haut sanft, lindert den Juckreiz und verhindert weiteres Austrocknen. Das \u00d6l wird beim t\u00e4glichen Duschen oder Baden auf die nasse Haut aufgetragen. Es ist geeignet f\u00fcr Erwachsene, Kinder und Babys.<\/p>\n","protected":false},"featured_media":27498,"template":"","meta":{"_acf_changed":false},"product_brand":[334],"product_cat":[794],"product_tag":[],"class_list":{"0":"post-27496","1":"product","2":"type-product","3":"status-publish","4":"has-post-thumbnail","6":"product_brand-eucerin","7":"product_cat-e","8":"pa_packungsgroesse-400ml","10":"first","11":"instock","12":"shipping-taxable","13":"purchasable","14":"product-type-simple"},"acf":[],"_links":{"self":[{"href":"https:\/\/www.ernstbrunn-apotheke.at\/katalog\/wp-json\/wp\/v2\/product\/27496","targetHints":{"allow":["GET"]}}],"collection":[{"href":"https:\/\/www.ernstbrunn-apotheke.at\/katalog\/wp-json\/wp\/v2\/product"}],"about":[{"href":"https:\/\/www.ernstbrunn-apotheke.at\/katalog\/wp-json\/wp\/v2\/types\/product"}],"wp:featuredmedia":[{"embeddable":true,"href":"https:\/\/www.ernstbrunn-apotheke.at\/katalog\/wp-json\/wp\/v2\/media\/27498"}],"wp:attachment":[{"href":"https:\/\/www.ernstbrunn-apotheke.at\/katalog\/wp-json\/wp\/v2\/media?parent=27496"}],"wp:term":[{"taxonomy":"product_brand","embeddable":true,"href":"https:\/\/www.ernstbrunn-apotheke.at\/katalog\/wp-json\/wp\/v2\/product_brand?post=27496"},{"taxonomy":"product_cat","embeddable":true,"href":"https:\/\/www.ernstbrunn-apotheke.at\/katalog\/wp-json\/wp\/v2\/product_cat?post=27496"},{"taxonomy":"product_tag","embeddable":true,"href":"https:\/\/www.ernstbrunn-apotheke.at\/katalog\/wp-json\/wp\/v2\/product_tag?post=27496"}],"curies":[{"name":"wp","href":"https:\/\/api.w.org\/{rel}","templated":true}]}}