{"id":27463,"date":"2025-11-07T23:45:38","date_gmt":"2025-11-07T22:45:38","guid":{"rendered":"https:\/\/www.ernstbrunn-apotheke.at\/katalog\/produkt\/linola-plus-hautmilch-200-ml\/"},"modified":"2025-12-08T14:56:37","modified_gmt":"2025-12-08T13:56:37","slug":"linola-plus-hautmilch-200-ml","status":"publish","type":"product","link":"https:\/\/www.ernstbrunn-apotheke.at\/katalog\/produkt\/linola-plus-hautmilch-200-ml\/","title":{"rendered":"Linola PLUS Hautmilch 200 ml"},"content":{"rendered":"<p><strong>Linola PLUS Hautmilch ist eine Intensivpflege der besonderen Art bei juckender, trockener und gereizter Haut.<\/strong><\/p>\n<p>&#13;<\/p>\n<ul>&#13;<\/p>\n<li>juckreizlindernde und hautberuhigende Intensivpflege der Haut (W\/\u00d6-Emulsion 25%)<\/li>\n<p>&#13;<\/p>\n<li>reduziert Hautr\u00f6tungen<\/li>\n<p>&#13;<\/p>\n<li>auch zur therapiebegleitenden Hautpflege bei Neurodermitis<\/li>\n<p>&#13;<\/p>\n<li>anti-entz\u00fcndliche Eigenschaften u.a. durch Echinacea-Wurzel-Extrakt<\/li>\n<p>&#13;<\/p>\n<li>unterst\u00fctzt die Regenerierung der Hautbarriere<\/li>\n<p>&#13;<\/p>\n<li>Vertr\u00e4glichkeit dermatologisch nachgewiesen<\/li>\n<p>&#13;<\/p>\n<li>auch f\u00fcr Babys und Kleinkinder geeignet<\/li>\n<p>&#13;\n<\/ul>\n<p>&#13;<\/p>\n<p>Linola PLUS Hautmilch ist Intensivpflege der besonderen Art bei juckender, trockener und gereizter Haut.<br \/>Sie wurde entwickelt zur<br \/>\u2022 t\u00e4glichen Anwendung, wenn die Haut nicht nur trocken ist, sondern auch juckt, spannt oder zu Reizungen neigt,<br \/>\u2022 Intervall-Anwendung, wenn keine spezielle Behandlung erforderlich ist, eine begleitende Basispflege der Haut jedoch erfolgen muss (z. B. auch bei Neigung zu Neurodermitis),<br \/>\u2022 Anwendung nach Behandlung von Hauterkrankungen (z. B. mit Kortikoiden) bis zur endg\u00fcltigen Regeneration der Haut.<\/p>\n<p>&#13;<\/p>\n<p>Linola PLUS Hautmilch l\u00e4sst sich sehr gut auf gro\u00dfen Hautpartien verteilen. Sie zieht auch schnell ein. Den charakteristischen Duft auf der Haut verdankt sie dem Echinacea-Wurzel- Extrakt.<\/p>\n<p>&#13;<\/p>\n<p>Linola PLUS Hautmilch zeichnet sich durch ihre einzigartige Formulierung aus wertvollem Linols\u00e4urereichen Distel\u00f6l sowie einem besonderen Pflanzenextrakt aus der Wurzel der Echinacea purpurea (Purpur-Sonnenhut) aus. Traditionell wurden und werden Extrakte aus Echinacea purpurea wegen ihrer gesundheitsf\u00f6rdernden Eigenschaften bei verschiedensten Hautproblemen eingesetzt.<\/p>\n<p>&#13;<\/p>\n<p>Der in Linola PLUS verwendete Extrakt wird mithilfe \u201eGr\u00fcner Technologie\u201c schonend und besonders rein gewonnen. Hierbei wird allein nat\u00fcrliche Quellkohlens\u00e4ure verwendet. Im Gegensatz zu anderen Verfahren k\u00f6nnen bei dieser Art von Herstellung keine L\u00f6sungsmittelr\u00fcckst\u00e4nde im Extrakt zur\u00fcckbleiben. In einem geschlossenen Kreislaufsystem wird die eingesetzte Kohlens\u00e4ure vollst\u00e4ndig recycelt.<\/p>\n","protected":false},"excerpt":{"rendered":"<p>Linola PLUS Hautmilch ist eine Intensivpflege der besonderen Art bei juckender, trockener und gereizter Haut. &#13; &#13; juckreizlindernde und hautberuhigende Intensivpflege der Haut (W\/\u00d6-Emulsion 25%) &#13; reduziert Hautr\u00f6tungen &#13; auch zur therapiebegleitenden Hautpflege bei Neurodermitis &#13; anti-entz\u00fcndliche Eigenschaften u.a. durch Echinacea-Wurzel-Extrakt &#13; unterst\u00fctzt die Regenerierung der Hautbarriere &#13; Vertr\u00e4glichkeit dermatologisch nachgewiesen &#13; auch f\u00fcr Babys [&hellip;]<\/p>\n","protected":false},"featured_media":27465,"template":"","meta":{"_acf_changed":false},"product_brand":[686],"product_cat":[795],"product_tag":[],"class_list":{"0":"post-27463","1":"product","2":"type-product","3":"status-publish","4":"has-post-thumbnail","6":"product_brand-linola","7":"product_cat-l","8":"pa_packungsgroesse-200ml","10":"first","11":"instock","12":"shipping-taxable","13":"purchasable","14":"product-type-simple"},"acf":[],"_links":{"self":[{"href":"https:\/\/www.ernstbrunn-apotheke.at\/katalog\/wp-json\/wp\/v2\/product\/27463","targetHints":{"allow":["GET"]}}],"collection":[{"href":"https:\/\/www.ernstbrunn-apotheke.at\/katalog\/wp-json\/wp\/v2\/product"}],"about":[{"href":"https:\/\/www.ernstbrunn-apotheke.at\/katalog\/wp-json\/wp\/v2\/types\/product"}],"wp:featuredmedia":[{"embeddable":true,"href":"https:\/\/www.ernstbrunn-apotheke.at\/katalog\/wp-json\/wp\/v2\/media\/27465"}],"wp:attachment":[{"href":"https:\/\/www.ernstbrunn-apotheke.at\/katalog\/wp-json\/wp\/v2\/media?parent=27463"}],"wp:term":[{"taxonomy":"product_brand","embeddable":true,"href":"https:\/\/www.ernstbrunn-apotheke.at\/katalog\/wp-json\/wp\/v2\/product_brand?post=27463"},{"taxonomy":"product_cat","embeddable":true,"href":"https:\/\/www.ernstbrunn-apotheke.at\/katalog\/wp-json\/wp\/v2\/product_cat?post=27463"},{"taxonomy":"product_tag","embeddable":true,"href":"https:\/\/www.ernstbrunn-apotheke.at\/katalog\/wp-json\/wp\/v2\/product_tag?post=27463"}],"curies":[{"name":"wp","href":"https:\/\/api.w.org\/{rel}","templated":true}]}}