{"id":27439,"date":"2025-11-07T23:45:38","date_gmt":"2025-11-07T22:45:38","guid":{"rendered":"https:\/\/www.ernstbrunn-apotheke.at\/katalog\/produkt\/eucerin-ph5-lotion-mit-dosierpumpe-fuer-empfindliche-haut\/"},"modified":"2025-12-08T14:56:33","modified_gmt":"2025-12-08T13:56:33","slug":"eucerin-ph5-lotion-mit-dosierpumpe-fuer-empfindliche-haut","status":"publish","type":"product","link":"https:\/\/www.ernstbrunn-apotheke.at\/katalog\/produkt\/eucerin-ph5-lotion-mit-dosierpumpe-fuer-empfindliche-haut\/","title":{"rendered":"Eucerin PH5 Lotion mit Dosierpumpe f\u00fcr empfindliche Haut"},"content":{"rendered":"<p>Eucerin pH5 Lotion ist eine milde und doch wirkungsvolle K\u00f6rperlotion, die speziell f\u00fcr empfindliche K\u00f6rperhaut entwickelt wurde. Sie enth\u00e4lt den pH5-Enzymschutz, der nachweislich die hauteigenen Enzyme aktiviert. Durch die St\u00e4rkung der nat\u00fcrlichen Hautabwehr von innen f\u00f6rdert die Rezeptur den Wiederaufbau der pH-Werte, f\u00f6rdert die Regeneration und f\u00fcllt die hauteigenen Feuchtigkeitsdepots f\u00fcr bis zu 24 Stunden auf. Zudem wurde gezeigt, dass 90% weniger Pollen durch die Haut dringen. Daher ist sie auch f\u00fcr allergiegestresste Haut geeignet. Dank Dexpanthenol f\u00f6rdert die Creme die Wundheilung. F\u00fcr lang anhaltenden Schutz und zarte, glatte Haut t\u00e4glich auftragen.<\/p>\n","protected":false},"excerpt":{"rendered":"<p>Eucerin pH5 Lotion ist eine milde und doch wirkungsvolle K\u00f6rperlotion, die speziell f\u00fcr empfindliche K\u00f6rperhaut entwickelt wurde. Sie enth\u00e4lt den pH5-Enzymschutz, der nachweislich die hauteigenen Enzyme aktiviert. Durch die St\u00e4rkung der nat\u00fcrlichen Hautabwehr von innen f\u00f6rdert die Rezeptur den Wiederaufbau der pH-Werte, f\u00f6rdert die Regeneration und f\u00fcllt die hauteigenen Feuchtigkeitsdepots f\u00fcr bis zu 24 Stunden [&hellip;]<\/p>\n","protected":false},"featured_media":27441,"template":"","meta":{"_acf_changed":false},"product_brand":[334],"product_cat":[794],"product_tag":[],"class_list":{"0":"post-27439","1":"product","2":"type-product","3":"status-publish","4":"has-post-thumbnail","6":"product_brand-eucerin","7":"product_cat-e","8":"pa_packungsgroesse-400ml","10":"first","11":"instock","12":"shipping-taxable","13":"purchasable","14":"product-type-simple"},"acf":[],"_links":{"self":[{"href":"https:\/\/www.ernstbrunn-apotheke.at\/katalog\/wp-json\/wp\/v2\/product\/27439","targetHints":{"allow":["GET"]}}],"collection":[{"href":"https:\/\/www.ernstbrunn-apotheke.at\/katalog\/wp-json\/wp\/v2\/product"}],"about":[{"href":"https:\/\/www.ernstbrunn-apotheke.at\/katalog\/wp-json\/wp\/v2\/types\/product"}],"wp:featuredmedia":[{"embeddable":true,"href":"https:\/\/www.ernstbrunn-apotheke.at\/katalog\/wp-json\/wp\/v2\/media\/27441"}],"wp:attachment":[{"href":"https:\/\/www.ernstbrunn-apotheke.at\/katalog\/wp-json\/wp\/v2\/media?parent=27439"}],"wp:term":[{"taxonomy":"product_brand","embeddable":true,"href":"https:\/\/www.ernstbrunn-apotheke.at\/katalog\/wp-json\/wp\/v2\/product_brand?post=27439"},{"taxonomy":"product_cat","embeddable":true,"href":"https:\/\/www.ernstbrunn-apotheke.at\/katalog\/wp-json\/wp\/v2\/product_cat?post=27439"},{"taxonomy":"product_tag","embeddable":true,"href":"https:\/\/www.ernstbrunn-apotheke.at\/katalog\/wp-json\/wp\/v2\/product_tag?post=27439"}],"curies":[{"name":"wp","href":"https:\/\/api.w.org\/{rel}","templated":true}]}}