{"id":27421,"date":"2025-11-07T23:45:38","date_gmt":"2025-11-07T22:45:38","guid":{"rendered":"https:\/\/www.ernstbrunn-apotheke.at\/katalog\/produkt\/eucerin-ph5-duschgel-fuer-empfindliche-haut\/"},"modified":"2025-12-08T14:56:29","modified_gmt":"2025-12-08T13:56:29","slug":"eucerin-ph5-duschgel-fuer-empfindliche-haut","status":"publish","type":"product","link":"https:\/\/www.ernstbrunn-apotheke.at\/katalog\/produkt\/eucerin-ph5-duschgel-fuer-empfindliche-haut\/","title":{"rendered":"Eucerin PH5 Duschgel f\u00fcr empfindliche Haut"},"content":{"rendered":"<p>Eucerin pH5 Duschgel wurde speziell als mildes Reinigungsprodukt f\u00fcr empfindliche Haut entwickelt, das selbst bei h\u00e4ufigem Duschen wirkt. Es enth\u00e4lt pH5-Enzymschutz, eine Kombination aus pH5-Citratpuffer und besonders milden Tenside, der nachweislich die hauteigenen Enzyme erh\u00e4lt, die Haut von innen st\u00e4rkt und vor Irritationen sch\u00fctzt.<\/p>\n","protected":false},"excerpt":{"rendered":"<p>Eucerin pH5 Duschgel wurde speziell als mildes Reinigungsprodukt f\u00fcr empfindliche Haut entwickelt, das selbst bei h\u00e4ufigem Duschen wirkt. Es enth\u00e4lt pH5-Enzymschutz, eine Kombination aus pH5-Citratpuffer und besonders milden Tenside, der nachweislich die hauteigenen Enzyme erh\u00e4lt, die Haut von innen st\u00e4rkt und vor Irritationen sch\u00fctzt.<\/p>\n","protected":false},"featured_media":27423,"template":"","meta":{"_acf_changed":false},"product_brand":[334],"product_cat":[794],"product_tag":[],"class_list":{"0":"post-27421","1":"product","2":"type-product","3":"status-publish","4":"has-post-thumbnail","6":"product_brand-eucerin","7":"product_cat-e","8":"pa_packungsgroesse-200ml","10":"first","11":"instock","12":"shipping-taxable","13":"purchasable","14":"product-type-simple"},"acf":[],"_links":{"self":[{"href":"https:\/\/www.ernstbrunn-apotheke.at\/katalog\/wp-json\/wp\/v2\/product\/27421","targetHints":{"allow":["GET"]}}],"collection":[{"href":"https:\/\/www.ernstbrunn-apotheke.at\/katalog\/wp-json\/wp\/v2\/product"}],"about":[{"href":"https:\/\/www.ernstbrunn-apotheke.at\/katalog\/wp-json\/wp\/v2\/types\/product"}],"wp:featuredmedia":[{"embeddable":true,"href":"https:\/\/www.ernstbrunn-apotheke.at\/katalog\/wp-json\/wp\/v2\/media\/27423"}],"wp:attachment":[{"href":"https:\/\/www.ernstbrunn-apotheke.at\/katalog\/wp-json\/wp\/v2\/media?parent=27421"}],"wp:term":[{"taxonomy":"product_brand","embeddable":true,"href":"https:\/\/www.ernstbrunn-apotheke.at\/katalog\/wp-json\/wp\/v2\/product_brand?post=27421"},{"taxonomy":"product_cat","embeddable":true,"href":"https:\/\/www.ernstbrunn-apotheke.at\/katalog\/wp-json\/wp\/v2\/product_cat?post=27421"},{"taxonomy":"product_tag","embeddable":true,"href":"https:\/\/www.ernstbrunn-apotheke.at\/katalog\/wp-json\/wp\/v2\/product_tag?post=27421"}],"curies":[{"name":"wp","href":"https:\/\/api.w.org\/{rel}","templated":true}]}}