{"id":27400,"date":"2025-11-07T23:45:02","date_gmt":"2025-11-07T22:45:02","guid":{"rendered":"https:\/\/www.ernstbrunn-apotheke.at\/katalog\/produkt\/eucerin-atopicontrol-12-omega-lotion\/"},"modified":"2025-12-08T14:56:18","modified_gmt":"2025-12-08T13:56:18","slug":"eucerin-atopicontrol-12-omega-lotion","status":"publish","type":"product","link":"https:\/\/www.ernstbrunn-apotheke.at\/katalog\/produkt\/eucerin-atopicontrol-12-omega-lotion\/","title":{"rendered":"Eucerin ATOPICONTROL 12% Omega Lotion"},"content":{"rendered":"<p>Eucerin AtopiControl Lotion verwendet eine Kombination aus konzentrierten Omega-6-Fetts\u00e4uren und beruhigendem Licochalcone A, um die Haut zu regenerieren, ihre nat\u00fcrliche Barrierefunktion zu st\u00e4rken und sie elastischer zu machen. Bei regelm\u00e4\u00dfiger Anwendung werden Juckreiz und Spannung gelindert und die Haut f\u00fchlt sich weich und sp\u00fcrbar geschmeidiger an.<\/p>\n","protected":false},"excerpt":{"rendered":"<p>Eucerin AtopiControl Lotion verwendet eine Kombination aus konzentrierten Omega-6-Fetts\u00e4uren und beruhigendem Licochalcone A, um die Haut zu regenerieren, ihre nat\u00fcrliche Barrierefunktion zu st\u00e4rken und sie elastischer zu machen. Bei regelm\u00e4\u00dfiger Anwendung werden Juckreiz und Spannung gelindert und die Haut f\u00fchlt sich weich und sp\u00fcrbar geschmeidiger an.<\/p>\n","protected":false},"featured_media":27402,"template":"","meta":{"_acf_changed":false},"product_brand":[334],"product_cat":[794],"product_tag":[],"class_list":{"0":"post-27400","1":"product","2":"type-product","3":"status-publish","4":"has-post-thumbnail","6":"product_brand-eucerin","7":"product_cat-e","8":"pa_packungsgroesse-250ml","9":"pa_packungsgroesse-400ml","11":"first","12":"instock","13":"shipping-taxable","14":"purchasable","15":"product-type-simple"},"acf":[],"_links":{"self":[{"href":"https:\/\/www.ernstbrunn-apotheke.at\/katalog\/wp-json\/wp\/v2\/product\/27400","targetHints":{"allow":["GET"]}}],"collection":[{"href":"https:\/\/www.ernstbrunn-apotheke.at\/katalog\/wp-json\/wp\/v2\/product"}],"about":[{"href":"https:\/\/www.ernstbrunn-apotheke.at\/katalog\/wp-json\/wp\/v2\/types\/product"}],"wp:featuredmedia":[{"embeddable":true,"href":"https:\/\/www.ernstbrunn-apotheke.at\/katalog\/wp-json\/wp\/v2\/media\/27402"}],"wp:attachment":[{"href":"https:\/\/www.ernstbrunn-apotheke.at\/katalog\/wp-json\/wp\/v2\/media?parent=27400"}],"wp:term":[{"taxonomy":"product_brand","embeddable":true,"href":"https:\/\/www.ernstbrunn-apotheke.at\/katalog\/wp-json\/wp\/v2\/product_brand?post=27400"},{"taxonomy":"product_cat","embeddable":true,"href":"https:\/\/www.ernstbrunn-apotheke.at\/katalog\/wp-json\/wp\/v2\/product_cat?post=27400"},{"taxonomy":"product_tag","embeddable":true,"href":"https:\/\/www.ernstbrunn-apotheke.at\/katalog\/wp-json\/wp\/v2\/product_tag?post=27400"}],"curies":[{"name":"wp","href":"https:\/\/api.w.org\/{rel}","templated":true}]}}